{"id":10653,"date":"2025-07-01T13:39:43","date_gmt":"2025-07-01T13:39:43","guid":{"rendered":"https:\/\/demo.jamnweb.com\/?page_id=10653"},"modified":"2025-07-01T15:11:25","modified_gmt":"2025-07-01T15:11:25","slug":"proyectos","status":"publish","type":"page","link":"https:\/\/elbrocal.pe\/en\/proyectos\/","title":{"rendered":"Proyectos"},"content":{"rendered":"<div data-elementor-type=\"wp-post\" data-elementor-id=\"10653\" class=\"elementor elementor-10653\" data-elementor-post-type=\"page\">\n\t\t\t\t<div class=\"has_ae_slider elementor-element elementor-element-73ce9343 e-con-full e-flex ae-bg-gallery-type-default e-con e-parent\" data-dce-background-image-url=\"https:\/\/ooe.boo.mybluehost.me\/website_bd61dc63\/wp-content\/uploads\/2025\/06\/f3.jpg\" data-id=\"73ce9343\" data-element_type=\"container\" data-settings=\"{&quot;background_background&quot;:&quot;classic&quot;}\">\n\t\t<div class=\"has_ae_slider elementor-element elementor-element-6e882a44 e-con-full e-flex ae-bg-gallery-type-default e-con e-child\" data-id=\"6e882a44\" data-element_type=\"container\" data-settings=\"{&quot;background_background&quot;:&quot;classic&quot;}\">\n\t\t\t\t<div class=\"elementor-element elementor-element-31b67c6a elementor-widget elementor-widget-heading\" data-id=\"31b67c6a\" data-element_type=\"widget\" data-widget_type=\"heading.default\">\n\t\t\t\t<div class=\"elementor-widget-container\">\n\t\t\t<h2 class=\"elementor-heading-title elementor-size-default\">Proyectos<\/h2>\t\t<\/div>\n\t\t\t\t<\/div>\n\t\t\t\t<\/div>\n\t\t<div class=\"has_ae_slider elementor-element elementor-element-72ad593 e-con-full e-flex ae-bg-gallery-type-default e-con e-child\" data-id=\"72ad593\" data-element_type=\"container\">\n\t\t\t\t<\/div>\n\t\t\t\t<\/div>\n\t\t<div class=\"has_ae_slider elementor-element elementor-element-26b2fd3b e-flex e-con-boxed ae-bg-gallery-type-default e-con e-parent\" data-id=\"26b2fd3b\" data-element_type=\"container\">\n\t\t\t\t\t<div class=\"e-con-inner\">\n\t\t\t\t<div class=\"elementor-element elementor-element-bb2ea58 elementor-widget elementor-widget-text-editor\" data-id=\"bb2ea58\" data-element_type=\"widget\" data-widget_type=\"text-editor.default\">\n\t\t\t\t<div class=\"elementor-widget-container\">\n\t\t\t\t\t\t\t<span style=\"color: #333333;\"><a style=\"color: #333333;\" href=\"\/en\/\">Home<\/a> <\/span>\/ <strong>Proyectos<\/strong>\t\t\t\t\t\t<\/div>\n\t\t\t\t<\/div>\n\t\t\t\t\t<\/div>\n\t\t\t\t<\/div>\n\t\t<div class=\"has_ae_slider elementor-element elementor-element-46d1d0e e-flex e-con-boxed ae-bg-gallery-type-default e-con e-parent\" data-id=\"46d1d0e\" data-element_type=\"container\" id=\"map\">\n\t\t\t\t\t<div class=\"e-con-inner\">\n\t\t\t\t<div class=\"elementor-element elementor-element-0b01dd6 elementor-widget elementor-widget-text-editor\" data-id=\"0b01dd6\" data-element_type=\"widget\" data-widget_type=\"text-editor.default\">\n\t\t\t\t<div class=\"elementor-widget-container\">\n\t\t\t\t\t\t\t<p>Secci\u00f3n en construcci\u00f3n.<\/p>\t\t\t\t\t\t<\/div>\n\t\t\t\t<\/div>\n\t\t\t\t\t<\/div>\n\t\t\t\t<\/div>\n\t\t<div class=\"has_ae_slider elementor-element elementor-element-126853f e-con-full e-flex ae-bg-gallery-type-default e-con e-parent\" data-id=\"126853f\" data-element_type=\"container\">\n\t\t<div class=\"has_ae_slider elementor-element elementor-element-b3a91e1 e-con-full e-flex ae-bg-gallery-type-default e-con e-child\" data-id=\"b3a91e1\" data-element_type=\"container\">\n\t\t\t\t<div class=\"elementor-element elementor-element-c582d0c dce_masking-none elementor-widget elementor-widget-image\" data-id=\"c582d0c\" data-element_type=\"widget\" data-widget_type=\"image.default\">\n\t\t\t\t<div class=\"elementor-widget-container\">\n\t\t\t\t\t\t\t\t\t\t\t\t\t<img decoding=\"async\" width=\"204\" height=\"66\" src=\"https:\/\/elbrocal.pe\/wp-content\/uploads\/2025\/06\/logo-1.png\" class=\"attachment-full size-full wp-image-10586\" alt=\"\" srcset=\"https:\/\/elbrocal.pe\/wp-content\/uploads\/2025\/06\/logo-1.png 204w, https:\/\/elbrocal.pe\/wp-content\/uploads\/2025\/06\/logo-1-18x6.png 18w\" sizes=\"(max-width: 204px) 100vw, 204px\" \/>\t\t\t\t\t\t\t\t\t\t\t\t\t<\/div>\n\t\t\t\t<\/div>\n\t\t\t\t<\/div>\n\t\t<div class=\"has_ae_slider elementor-element elementor-element-c58b6d6 e-con-full e-flex ae-bg-gallery-type-default e-con e-child\" data-id=\"c58b6d6\" data-element_type=\"container\">\n\t\t\t\t<div class=\"elementor-element elementor-element-ea26e3d dce_masking-none elementor-widget elementor-widget-image\" data-id=\"ea26e3d\" data-element_type=\"widget\" data-widget_type=\"image.default\">\n\t\t\t\t<div class=\"elementor-widget-container\">\n\t\t\t\t\t\t\t\t\t\t\t\t\t<img decoding=\"async\" width=\"204\" height=\"66\" src=\"https:\/\/elbrocal.pe\/wp-content\/uploads\/2025\/06\/logo-2.png\" class=\"attachment-full size-full wp-image-10587\" alt=\"\" srcset=\"https:\/\/elbrocal.pe\/wp-content\/uploads\/2025\/06\/logo-2.png 204w, https:\/\/elbrocal.pe\/wp-content\/uploads\/2025\/06\/logo-2-18x6.png 18w\" sizes=\"(max-width: 204px) 100vw, 204px\" \/>\t\t\t\t\t\t\t\t\t\t\t\t\t<\/div>\n\t\t\t\t<\/div>\n\t\t\t\t<\/div>\n\t\t<div class=\"has_ae_slider elementor-element elementor-element-38c8942 e-con-full e-flex ae-bg-gallery-type-default e-con e-child\" data-id=\"38c8942\" data-element_type=\"container\">\n\t\t\t\t<div class=\"elementor-element elementor-element-3b347fd dce_masking-none elementor-widget elementor-widget-image\" data-id=\"3b347fd\" data-element_type=\"widget\" data-widget_type=\"image.default\">\n\t\t\t\t<div class=\"elementor-widget-container\">\n\t\t\t\t\t\t\t\t\t\t\t\t\t<img decoding=\"async\" width=\"204\" height=\"66\" src=\"https:\/\/elbrocal.pe\/wp-content\/uploads\/2025\/06\/logo-3.png\" class=\"attachment-full size-full wp-image-10588\" alt=\"\" srcset=\"https:\/\/elbrocal.pe\/wp-content\/uploads\/2025\/06\/logo-3.png 204w, https:\/\/elbrocal.pe\/wp-content\/uploads\/2025\/06\/logo-3-18x6.png 18w\" sizes=\"(max-width: 204px) 100vw, 204px\" \/>\t\t\t\t\t\t\t\t\t\t\t\t\t<\/div>\n\t\t\t\t<\/div>\n\t\t\t\t<\/div>\n\t\t<div class=\"has_ae_slider elementor-element elementor-element-503a0aa e-con-full e-flex ae-bg-gallery-type-default e-con e-child\" data-id=\"503a0aa\" data-element_type=\"container\">\n\t\t\t\t<div class=\"elementor-element elementor-element-ad28398 dce_masking-none elementor-widget elementor-widget-image\" data-id=\"ad28398\" data-element_type=\"widget\" data-widget_type=\"image.default\">\n\t\t\t\t<div class=\"elementor-widget-container\">\n\t\t\t\t\t\t\t\t\t\t\t\t\t<img loading=\"lazy\" decoding=\"async\" width=\"204\" height=\"66\" src=\"https:\/\/elbrocal.pe\/wp-content\/uploads\/2025\/06\/logo-4.png\" class=\"attachment-full size-full wp-image-10584\" alt=\"\" srcset=\"https:\/\/elbrocal.pe\/wp-content\/uploads\/2025\/06\/logo-4.png 204w, https:\/\/elbrocal.pe\/wp-content\/uploads\/2025\/06\/logo-4-18x6.png 18w\" sizes=\"(max-width: 204px) 100vw, 204px\" \/>\t\t\t\t\t\t\t\t\t\t\t\t\t<\/div>\n\t\t\t\t<\/div>\n\t\t\t\t<\/div>\n\t\t<div class=\"has_ae_slider elementor-element elementor-element-7437711 e-con-full e-flex ae-bg-gallery-type-default e-con e-child\" data-id=\"7437711\" data-element_type=\"container\">\n\t\t\t\t<div class=\"elementor-element elementor-element-a5034cf dce_masking-none elementor-widget elementor-widget-image\" data-id=\"a5034cf\" data-element_type=\"widget\" data-widget_type=\"image.default\">\n\t\t\t\t<div class=\"elementor-widget-container\">\n\t\t\t\t\t\t\t\t\t\t\t\t\t<img loading=\"lazy\" decoding=\"async\" width=\"204\" height=\"66\" src=\"https:\/\/elbrocal.pe\/wp-content\/uploads\/2025\/06\/logo-5.png\" class=\"attachment-full size-full wp-image-10585\" alt=\"\" srcset=\"https:\/\/elbrocal.pe\/wp-content\/uploads\/2025\/06\/logo-5.png 204w, https:\/\/elbrocal.pe\/wp-content\/uploads\/2025\/06\/logo-5-18x6.png 18w\" sizes=\"(max-width: 204px) 100vw, 204px\" \/>\t\t\t\t\t\t\t\t\t\t\t\t\t<\/div>\n\t\t\t\t<\/div>\n\t\t\t\t<\/div>\n\t\t\t\t<\/div>\n\t\t<div class=\"has_ae_slider elementor-element elementor-element-0f6a1e9 e-flex e-con-boxed ae-bg-gallery-type-default e-con e-parent\" data-id=\"0f6a1e9\" data-element_type=\"container\">\n\t\t\t\t\t<div class=\"e-con-inner\">\n\t\t\t\t<div class=\"elementor-element elementor-element-ea7bef6 elementor-widget elementor-widget-heading\" data-id=\"ea7bef6\" data-element_type=\"widget\" data-widget_type=\"heading.default\">\n\t\t\t\t<div class=\"elementor-widget-container\">\n\t\t\t<h2 class=\"elementor-heading-title elementor-size-default\">SERVICIO DE MUESTREO Y PREPARACI\u00d3N DE MUESTRAS DE MINERALES, AN\u00c1LISIS QU\u00cdMICO DE MUESTRAS DE MINERALES, AN\u00c1LISIS QU\u00cdMICO DE MUESTRAS DE AGUA<\/h2>\t\t<\/div>\n\t\t\t\t<\/div>\n\t\t\t\t\t<\/div>\n\t\t\t\t<\/div>\n\t\t\t\t<\/div>","protected":false},"excerpt":{"rendered":"<p>Proyectos Inicio \/ Proyectos Secci\u00f3n en construcci\u00f3n. SERVICIO DE MUESTREO Y PREPARACI\u00d3N DE MUESTRAS DE MINERALES, AN\u00c1LISIS QU\u00cdMICO DE MUESTRAS DE MINERALES, AN\u00c1LISIS QU\u00cdMICO DE MUESTRAS DE AGUA<\/p>","protected":false},"author":1,"featured_media":0,"parent":0,"menu_order":0,"comment_status":"closed","ping_status":"closed","template":"","meta":{"footnotes":""},"class_list":["post-10653","page","type-page","status-publish","hentry"],"acf":[],"_links":{"self":[{"href":"https:\/\/elbrocal.pe\/en\/wp-json\/wp\/v2\/pages\/10653","targetHints":{"allow":["GET"]}}],"collection":[{"href":"https:\/\/elbrocal.pe\/en\/wp-json\/wp\/v2\/pages"}],"about":[{"href":"https:\/\/elbrocal.pe\/en\/wp-json\/wp\/v2\/types\/page"}],"author":[{"embeddable":true,"href":"https:\/\/elbrocal.pe\/en\/wp-json\/wp\/v2\/users\/1"}],"replies":[{"embeddable":true,"href":"https:\/\/elbrocal.pe\/en\/wp-json\/wp\/v2\/comments?post=10653"}],"version-history":[{"count":4,"href":"https:\/\/elbrocal.pe\/en\/wp-json\/wp\/v2\/pages\/10653\/revisions"}],"predecessor-version":[{"id":10661,"href":"https:\/\/elbrocal.pe\/en\/wp-json\/wp\/v2\/pages\/10653\/revisions\/10661"}],"wp:attachment":[{"href":"https:\/\/elbrocal.pe\/en\/wp-json\/wp\/v2\/media?parent=10653"}],"curies":[{"name":"wp","href":"https:\/\/api.w.org\/{rel}","templated":true}]}}