{"id":10837,"date":"2025-07-02T19:26:53","date_gmt":"2025-07-02T19:26:53","guid":{"rendered":"https:\/\/demo.jamnweb.com\/?page_id=10837"},"modified":"2025-07-02T19:33:57","modified_gmt":"2025-07-02T19:33:57","slug":"red-pacto-mundial","status":"publish","type":"page","link":"https:\/\/elbrocal.pe\/en\/red-pacto-mundial\/","title":{"rendered":"Red Pacto Mundial"},"content":{"rendered":"<div data-elementor-type=\"wp-post\" data-elementor-id=\"10837\" class=\"elementor elementor-10837\" data-elementor-post-type=\"page\">\n\t\t\t\t<div class=\"has_ae_slider elementor-element elementor-element-753ceb1d e-con-full e-flex ae-bg-gallery-type-default e-con e-parent\" data-dce-background-image-url=\"https:\/\/ooe.boo.mybluehost.me\/website_bd61dc63\/wp-content\/uploads\/2025\/06\/f5.jpg\" data-id=\"753ceb1d\" data-element_type=\"container\" data-settings=\"{&quot;background_background&quot;:&quot;classic&quot;}\">\n\t\t<div class=\"has_ae_slider elementor-element elementor-element-703807b3 e-con-full e-flex ae-bg-gallery-type-default e-con e-child\" data-id=\"703807b3\" data-element_type=\"container\" data-settings=\"{&quot;background_background&quot;:&quot;classic&quot;}\">\n\t\t\t\t<div class=\"elementor-element elementor-element-63bc621d elementor-widget elementor-widget-heading\" data-id=\"63bc621d\" data-element_type=\"widget\" data-widget_type=\"heading.default\">\n\t\t\t\t<div class=\"elementor-widget-container\">\n\t\t\t<h2 class=\"elementor-heading-title elementor-size-default\">Red Pacto<br>Mundial<\/h2>\t\t<\/div>\n\t\t\t\t<\/div>\n\t\t\t\t<\/div>\n\t\t<div class=\"has_ae_slider elementor-element elementor-element-158e1e1c e-con-full e-flex ae-bg-gallery-type-default e-con e-child\" data-id=\"158e1e1c\" data-element_type=\"container\">\n\t\t\t\t<\/div>\n\t\t\t\t<\/div>\n\t\t<div class=\"has_ae_slider elementor-element elementor-element-e36e8c2 e-flex e-con-boxed ae-bg-gallery-type-default e-con e-parent\" data-id=\"e36e8c2\" data-element_type=\"container\">\n\t\t\t\t\t<div class=\"e-con-inner\">\n\t\t\t\t<div class=\"elementor-element elementor-element-35c9b645 elementor-widget elementor-widget-text-editor\" data-id=\"35c9b645\" data-element_type=\"widget\" data-widget_type=\"text-editor.default\">\n\t\t\t\t<div class=\"elementor-widget-container\">\n\t\t\t\t\t\t\t<p><a href=\"\/en\/\"><span style=\"color: #000000;\">Home<\/span><\/a> \/ <a href=\"\/en\/sostenibilidad\/\">Sustainability <\/a><strong>\/ Red Pacto Mundial Per\u00fa<\/strong><\/p>\t\t\t\t\t\t<\/div>\n\t\t\t\t<\/div>\n\t\t\t\t\t<\/div>\n\t\t\t\t<\/div>\n\t\t<div class=\"has_ae_slider elementor-element elementor-element-8d8101f e-flex e-con-boxed ae-bg-gallery-type-default e-con e-parent\" data-id=\"8d8101f\" data-element_type=\"container\">\n\t\t\t\t\t<div class=\"e-con-inner\">\n\t\t<div class=\"has_ae_slider elementor-element elementor-element-d841297 e-con-full e-flex ae-bg-gallery-type-default e-con e-child\" data-id=\"d841297\" data-element_type=\"container\">\n\t\t\t\t<div class=\"elementor-element elementor-element-0ead8cd elementor-widget elementor-widget-text-editor\" data-id=\"0ead8cd\" data-element_type=\"widget\" data-widget_type=\"text-editor.default\">\n\t\t\t\t<div class=\"elementor-widget-container\">\n\t\t\t\t\t\t\t<p>Sociedad Minera El Brocal S.A.A. firm\u00f3 la adherencia al Pacto Mundial de las Naciones Unidas en Julio de 2008. Al unirse a esta iniciativa global, la empresa ha hecho un compromiso de apoyar e implementar diez principios fundamentales en las \u00e1reas de derechos humanos, est\u00e1ndares laborales, medioambiental y anticorrupci\u00f3n, dentro de su esfera de influencia.<\/p>\t\t\t\t\t\t<\/div>\n\t\t\t\t<\/div>\n\t\t\t\t<div class=\"elementor-element elementor-element-767ff27 elementor-widget elementor-widget-heading\" data-id=\"767ff27\" data-element_type=\"widget\" data-widget_type=\"heading.default\">\n\t\t\t\t<div class=\"elementor-widget-container\">\n\t\t\t<h2 class=\"elementor-heading-title elementor-size-default\">Los Diez Principios del Pacto Mundial<\/h2>\t\t<\/div>\n\t\t\t\t<\/div>\n\t\t\t\t<div class=\"elementor-element elementor-element-14dc1fa elementor-widget elementor-widget-text-editor\" data-id=\"14dc1fa\" data-element_type=\"widget\" data-widget_type=\"text-editor.default\">\n\t\t\t\t<div class=\"elementor-widget-container\">\n\t\t\t\t\t\t\t<p><strong>Derechos\u00a0humanos<\/strong><\/p><p>Principio 1: Las empresas deben apoyar y respetar la protecci\u00f3n de los derechos humanos fundamentales a nivel internacional dentro de su esfera de influencia.<\/p><p>Principio 2: Asegurarse de que sus propias corporaciones no act\u00faan como c\u00f3mplices en la violaci\u00f3n de los derechos humanos.<\/p><p><strong>Medio ambiente<\/strong><\/p><p>Principio 7: Las empresas deben respaldar un enfoque preventivo ante los desaf\u00edos medioambientales.<\/p><p>Principio 8: Emprender iniciativas para fomentar una mayor responsabilidad medioambiental.<\/p><p>Principio 9: Fomentar el desarrollo y la divulgaci\u00f3n de medios tecnol\u00f3gicos respetuosos con el medio ambiente.<\/p><p><strong>Anti &#8211; corrupci\u00f3n<\/strong><\/p><p>Principio 10: Las empresas deben trabajar contra la corrupci\u00f3n en todas sus formas, incluyendo la extorsi\u00f3n y el\u00a0\u00a0soborno.<\/p>\t\t\t\t\t\t<\/div>\n\t\t\t\t<\/div>\n\t\t\t\t<\/div>\n\t\t<div class=\"has_ae_slider elementor-element elementor-element-0ce91e5 e-con-full e-flex ae-bg-gallery-type-default e-con e-child\" data-id=\"0ce91e5\" data-element_type=\"container\">\n\t\t\t\t<div class=\"elementor-element elementor-element-e2f9353 dce_masking-none elementor-widget elementor-widget-image\" data-id=\"e2f9353\" data-element_type=\"widget\" data-widget_type=\"image.default\">\n\t\t\t\t<div class=\"elementor-widget-container\">\n\t\t\t\t\t\t\t\t\t\t\t\t\t<img fetchpriority=\"high\" decoding=\"async\" width=\"360\" height=\"236\" src=\"https:\/\/elbrocal.pe\/wp-content\/uploads\/2025\/06\/image-3.png\" class=\"attachment-large size-large wp-image-10607\" alt=\"\" srcset=\"https:\/\/elbrocal.pe\/wp-content\/uploads\/2025\/06\/image-3.png 360w, https:\/\/elbrocal.pe\/wp-content\/uploads\/2025\/06\/image-3-300x197.png 300w, https:\/\/elbrocal.pe\/wp-content\/uploads\/2025\/06\/image-3-18x12.png 18w\" sizes=\"(max-width: 360px) 100vw, 360px\" \/>\t\t\t\t\t\t\t\t\t\t\t\t\t<\/div>\n\t\t\t\t<\/div>\n\t\t\t\t<\/div>\n\t\t\t\t\t<\/div>\n\t\t\t\t<\/div>\n\t\t<div class=\"has_ae_slider elementor-element elementor-element-5c6613b7 e-con-full e-flex ae-bg-gallery-type-default e-con e-parent\" data-id=\"5c6613b7\" data-element_type=\"container\">\n\t\t<div class=\"has_ae_slider elementor-element elementor-element-5d58bac2 e-con-full e-flex ae-bg-gallery-type-default e-con e-child\" data-id=\"5d58bac2\" data-element_type=\"container\">\n\t\t\t\t<div class=\"elementor-element elementor-element-5060ca8 dce_masking-none elementor-widget elementor-widget-image\" data-id=\"5060ca8\" data-element_type=\"widget\" data-widget_type=\"image.default\">\n\t\t\t\t<div class=\"elementor-widget-container\">\n\t\t\t\t\t\t\t\t\t\t\t\t\t<img decoding=\"async\" width=\"204\" height=\"66\" src=\"https:\/\/elbrocal.pe\/wp-content\/uploads\/2025\/06\/logo-1.png\" class=\"attachment-full size-full wp-image-10586\" alt=\"\" srcset=\"https:\/\/elbrocal.pe\/wp-content\/uploads\/2025\/06\/logo-1.png 204w, https:\/\/elbrocal.pe\/wp-content\/uploads\/2025\/06\/logo-1-18x6.png 18w\" sizes=\"(max-width: 204px) 100vw, 204px\" \/>\t\t\t\t\t\t\t\t\t\t\t\t\t<\/div>\n\t\t\t\t<\/div>\n\t\t\t\t<\/div>\n\t\t<div class=\"has_ae_slider elementor-element elementor-element-28895b58 e-con-full e-flex ae-bg-gallery-type-default e-con e-child\" data-id=\"28895b58\" data-element_type=\"container\">\n\t\t\t\t<div class=\"elementor-element elementor-element-5e333ad6 dce_masking-none elementor-widget elementor-widget-image\" data-id=\"5e333ad6\" data-element_type=\"widget\" data-widget_type=\"image.default\">\n\t\t\t\t<div class=\"elementor-widget-container\">\n\t\t\t\t\t\t\t\t\t\t\t\t\t<img decoding=\"async\" width=\"204\" height=\"66\" src=\"https:\/\/elbrocal.pe\/wp-content\/uploads\/2025\/06\/logo-2.png\" class=\"attachment-full size-full wp-image-10587\" alt=\"\" srcset=\"https:\/\/elbrocal.pe\/wp-content\/uploads\/2025\/06\/logo-2.png 204w, https:\/\/elbrocal.pe\/wp-content\/uploads\/2025\/06\/logo-2-18x6.png 18w\" sizes=\"(max-width: 204px) 100vw, 204px\" \/>\t\t\t\t\t\t\t\t\t\t\t\t\t<\/div>\n\t\t\t\t<\/div>\n\t\t\t\t<\/div>\n\t\t<div class=\"has_ae_slider elementor-element elementor-element-37c0b249 e-con-full e-flex ae-bg-gallery-type-default e-con e-child\" data-id=\"37c0b249\" data-element_type=\"container\">\n\t\t\t\t<div class=\"elementor-element elementor-element-3b61932 dce_masking-none elementor-widget elementor-widget-image\" data-id=\"3b61932\" data-element_type=\"widget\" data-widget_type=\"image.default\">\n\t\t\t\t<div class=\"elementor-widget-container\">\n\t\t\t\t\t\t\t\t\t\t\t\t\t<img loading=\"lazy\" decoding=\"async\" width=\"204\" height=\"66\" src=\"https:\/\/elbrocal.pe\/wp-content\/uploads\/2025\/06\/logo-3.png\" class=\"attachment-full size-full wp-image-10588\" alt=\"\" srcset=\"https:\/\/elbrocal.pe\/wp-content\/uploads\/2025\/06\/logo-3.png 204w, https:\/\/elbrocal.pe\/wp-content\/uploads\/2025\/06\/logo-3-18x6.png 18w\" sizes=\"(max-width: 204px) 100vw, 204px\" \/>\t\t\t\t\t\t\t\t\t\t\t\t\t<\/div>\n\t\t\t\t<\/div>\n\t\t\t\t<\/div>\n\t\t<div class=\"has_ae_slider elementor-element elementor-element-2e89351d e-con-full e-flex ae-bg-gallery-type-default e-con e-child\" data-id=\"2e89351d\" data-element_type=\"container\">\n\t\t\t\t<div class=\"elementor-element elementor-element-7d337be1 dce_masking-none elementor-widget elementor-widget-image\" data-id=\"7d337be1\" data-element_type=\"widget\" data-widget_type=\"image.default\">\n\t\t\t\t<div class=\"elementor-widget-container\">\n\t\t\t\t\t\t\t\t\t\t\t\t\t<img loading=\"lazy\" decoding=\"async\" width=\"204\" height=\"66\" src=\"https:\/\/elbrocal.pe\/wp-content\/uploads\/2025\/06\/logo-4.png\" class=\"attachment-full size-full wp-image-10584\" alt=\"\" srcset=\"https:\/\/elbrocal.pe\/wp-content\/uploads\/2025\/06\/logo-4.png 204w, https:\/\/elbrocal.pe\/wp-content\/uploads\/2025\/06\/logo-4-18x6.png 18w\" sizes=\"(max-width: 204px) 100vw, 204px\" \/>\t\t\t\t\t\t\t\t\t\t\t\t\t<\/div>\n\t\t\t\t<\/div>\n\t\t\t\t<\/div>\n\t\t<div class=\"has_ae_slider elementor-element elementor-element-36acced5 e-con-full e-flex ae-bg-gallery-type-default e-con e-child\" data-id=\"36acced5\" data-element_type=\"container\">\n\t\t\t\t<div class=\"elementor-element elementor-element-6355c757 dce_masking-none elementor-widget elementor-widget-image\" data-id=\"6355c757\" data-element_type=\"widget\" data-widget_type=\"image.default\">\n\t\t\t\t<div class=\"elementor-widget-container\">\n\t\t\t\t\t\t\t\t\t\t\t\t\t<img loading=\"lazy\" decoding=\"async\" width=\"204\" height=\"66\" src=\"https:\/\/elbrocal.pe\/wp-content\/uploads\/2025\/06\/logo-5.png\" class=\"attachment-full size-full wp-image-10585\" alt=\"\" srcset=\"https:\/\/elbrocal.pe\/wp-content\/uploads\/2025\/06\/logo-5.png 204w, https:\/\/elbrocal.pe\/wp-content\/uploads\/2025\/06\/logo-5-18x6.png 18w\" sizes=\"(max-width: 204px) 100vw, 204px\" \/>\t\t\t\t\t\t\t\t\t\t\t\t\t<\/div>\n\t\t\t\t<\/div>\n\t\t\t\t<\/div>\n\t\t\t\t<\/div>\n\t\t<div class=\"has_ae_slider elementor-element elementor-element-573eced e-flex e-con-boxed ae-bg-gallery-type-default e-con e-parent\" data-id=\"573eced\" data-element_type=\"container\">\n\t\t\t\t\t<div class=\"e-con-inner\">\n\t\t\t\t<div class=\"elementor-element elementor-element-8eb0c7d elementor-widget elementor-widget-heading\" data-id=\"8eb0c7d\" data-element_type=\"widget\" data-widget_type=\"heading.default\">\n\t\t\t\t<div class=\"elementor-widget-container\">\n\t\t\t<h2 class=\"elementor-heading-title elementor-size-default\">SERVICIO DE MUESTREO Y PREPARACI\u00d3N DE MUESTRAS DE MINERALES, AN\u00c1LISIS QU\u00cdMICO DE MUESTRAS DE MINERALES, AN\u00c1LISIS QU\u00cdMICO DE MUESTRAS DE AGUA<\/h2>\t\t<\/div>\n\t\t\t\t<\/div>\n\t\t\t\t\t<\/div>\n\t\t\t\t<\/div>\n\t\t\t\t<\/div>","protected":false},"excerpt":{"rendered":"<p>Red PactoMundial Inicio \/ Sostenibilidad \/ Red Pacto Mundial Per\u00fa Sociedad Minera El Brocal S.A.A. firm\u00f3 la adherencia al Pacto Mundial de las Naciones Unidas en Julio de 2008. Al unirse a esta iniciativa global, la empresa ha hecho un compromiso de apoyar e implementar diez principios fundamentales en las \u00e1reas de derechos humanos, est\u00e1ndares [&hellip;]<\/p>","protected":false},"author":1,"featured_media":0,"parent":0,"menu_order":0,"comment_status":"closed","ping_status":"closed","template":"","meta":{"footnotes":""},"class_list":["post-10837","page","type-page","status-publish","hentry"],"acf":[],"_links":{"self":[{"href":"https:\/\/elbrocal.pe\/en\/wp-json\/wp\/v2\/pages\/10837","targetHints":{"allow":["GET"]}}],"collection":[{"href":"https:\/\/elbrocal.pe\/en\/wp-json\/wp\/v2\/pages"}],"about":[{"href":"https:\/\/elbrocal.pe\/en\/wp-json\/wp\/v2\/types\/page"}],"author":[{"embeddable":true,"href":"https:\/\/elbrocal.pe\/en\/wp-json\/wp\/v2\/users\/1"}],"replies":[{"embeddable":true,"href":"https:\/\/elbrocal.pe\/en\/wp-json\/wp\/v2\/comments?post=10837"}],"version-history":[{"count":4,"href":"https:\/\/elbrocal.pe\/en\/wp-json\/wp\/v2\/pages\/10837\/revisions"}],"predecessor-version":[{"id":10841,"href":"https:\/\/elbrocal.pe\/en\/wp-json\/wp\/v2\/pages\/10837\/revisions\/10841"}],"wp:attachment":[{"href":"https:\/\/elbrocal.pe\/en\/wp-json\/wp\/v2\/media?parent=10837"}],"curies":[{"name":"wp","href":"https:\/\/api.w.org\/{rel}","templated":true}]}}