{"id":1116,"date":"2024-08-14T19:34:46","date_gmt":"2024-08-14T19:34:46","guid":{"rendered":"https:\/\/172-104-212-166.ip.linodeusercontent.com\/?page_id=1116"},"modified":"2025-07-04T03:14:03","modified_gmt":"2025-07-04T03:14:03","slug":"operaciones-2","status":"publish","type":"page","link":"https:\/\/elbrocal.pe\/en\/operaciones-2\/","title":{"rendered":"Operaciones"},"content":{"rendered":"<div data-elementor-type=\"wp-post\" data-elementor-id=\"1116\" class=\"elementor elementor-1116\" data-elementor-post-type=\"page\">\n\t\t\t\t<div class=\"has_ae_slider elementor-element elementor-element-73ce9343 e-con-full e-flex ae-bg-gallery-type-default e-con e-parent\" data-dce-background-image-url=\"https:\/\/ooe.boo.mybluehost.me\/website_bd61dc63\/wp-content\/uploads\/2025\/06\/f2.jpg\" data-id=\"73ce9343\" data-element_type=\"container\" data-settings=\"{&quot;background_background&quot;:&quot;classic&quot;}\">\n\t\t<div class=\"has_ae_slider elementor-element elementor-element-6e882a44 e-con-full e-flex ae-bg-gallery-type-default e-con e-child\" data-id=\"6e882a44\" data-element_type=\"container\" data-settings=\"{&quot;background_background&quot;:&quot;classic&quot;}\">\n\t\t\t\t<div class=\"elementor-element elementor-element-31b67c6a elementor-widget elementor-widget-heading\" data-id=\"31b67c6a\" data-element_type=\"widget\" data-widget_type=\"heading.default\">\n\t\t\t\t<div class=\"elementor-widget-container\">\n\t\t\t<h2 class=\"elementor-heading-title elementor-size-default\">Operaciones<\/h2>\t\t<\/div>\n\t\t\t\t<\/div>\n\t\t\t\t<\/div>\n\t\t<div class=\"has_ae_slider elementor-element elementor-element-72ad593 e-con-full e-flex ae-bg-gallery-type-default e-con e-child\" data-id=\"72ad593\" data-element_type=\"container\">\n\t\t\t\t<\/div>\n\t\t\t\t<\/div>\n\t\t<div class=\"has_ae_slider elementor-element elementor-element-26b2fd3b e-flex e-con-boxed ae-bg-gallery-type-default e-con e-parent\" data-id=\"26b2fd3b\" data-element_type=\"container\">\n\t\t\t\t\t<div class=\"e-con-inner\">\n\t\t\t\t<div class=\"elementor-element elementor-element-bb2ea58 elementor-widget elementor-widget-text-editor\" data-id=\"bb2ea58\" data-element_type=\"widget\" data-widget_type=\"text-editor.default\">\n\t\t\t\t<div class=\"elementor-widget-container\">\n\t\t\t\t\t\t\t<span style=\"color: #333333;\"><a style=\"color: #333333;\" href=\"\/en\/\">Home<\/a> <\/span>\/ <strong>Operaciones<\/strong>\t\t\t\t\t\t<\/div>\n\t\t\t\t<\/div>\n\t\t\t\t\t<\/div>\n\t\t\t\t<\/div>\n\t\t<div class=\"has_ae_slider elementor-element elementor-element-46d1d0e e-flex e-con-boxed ae-bg-gallery-type-default e-con e-parent\" data-id=\"46d1d0e\" data-element_type=\"container\" id=\"map\">\n\t\t\t\t\t<div class=\"e-con-inner\">\n\t\t\t\t<div class=\"elementor-element elementor-element-0b01dd6 elementor-widget elementor-widget-text-editor\" data-id=\"0b01dd6\" data-element_type=\"widget\" data-widget_type=\"text-editor.default\">\n\t\t\t\t<div class=\"elementor-widget-container\">\n\t\t\t\t\t\t\t<p>Sociedad Minera El Brocal S.A.A. en su unidad minera Colquijirca, Tinyahuarco \u2013 Cerro de Pasco,\u00a0 realiza sus operaciones de explotaci\u00f3n bajo el m\u00e9todo de tajo abierto en la mina denominada Tajo Norte y subterr\u00e1nea en la mina Marcapunta Norte.<\/p><p>Asimismo, las minas Marcapunta Oeste y San Gregorio constituyen los proyectos de exploraci\u00f3n m\u00e1s importantes.<\/p>\t\t\t\t\t\t<\/div>\n\t\t\t\t<\/div>\n\t\t\t\t\t<\/div>\n\t\t\t\t<\/div>\n\t\t<div class=\"has_ae_slider elementor-element elementor-element-27b76c0 e-flex e-con-boxed ae-bg-gallery-type-default e-con e-parent\" data-dce-background-image-url=\"https:\/\/ooe.boo.mybluehost.me\/website_bd61dc63\/wp-content\/uploads\/2025\/06\/effect-2.png\" data-id=\"27b76c0\" data-element_type=\"container\" data-settings=\"{&quot;background_background&quot;:&quot;classic&quot;}\">\n\t\t\t\t\t<div class=\"e-con-inner\">\n\t\t<div class=\"has_ae_slider elementor-element elementor-element-bd3eb3f e-con-full e-flex ae-bg-gallery-type-default e-con e-child\" data-id=\"bd3eb3f\" data-element_type=\"container\">\n\t\t\t\t<\/div>\n\t\t<div class=\"has_ae_slider elementor-element elementor-element-377df2e e-con-full e-flex ae-bg-gallery-type-default e-con e-child\" data-id=\"377df2e\" data-element_type=\"container\">\n\t\t\t\t<div class=\"elementor-element elementor-element-4cd6a34 dce_masking-none elementor-widget elementor-widget-image\" data-id=\"4cd6a34\" data-element_type=\"widget\" data-widget_type=\"image.default\">\n\t\t\t\t<div class=\"elementor-widget-container\">\n\t\t\t\t\t\t\t\t\t\t\t\t\t<img decoding=\"async\" width=\"119\" height=\"94\" src=\"https:\/\/elbrocal.pe\/wp-content\/uploads\/2025\/06\/Rectangle-2.png\" class=\"attachment-full size-full wp-image-10604\" alt=\"\" srcset=\"https:\/\/elbrocal.pe\/wp-content\/uploads\/2025\/06\/Rectangle-2.png 119w, https:\/\/elbrocal.pe\/wp-content\/uploads\/2025\/06\/Rectangle-2-15x12.png 15w\" sizes=\"(max-width: 119px) 100vw, 119px\" \/>\t\t\t\t\t\t\t\t\t\t\t\t\t<\/div>\n\t\t\t\t<\/div>\n\t\t\t\t<div class=\"elementor-element elementor-element-4508ca8 elementor-widget elementor-widget-heading\" data-id=\"4508ca8\" data-element_type=\"widget\" data-widget_type=\"heading.default\">\n\t\t\t\t<div class=\"elementor-widget-container\">\n\t\t\t<h2 class=\"elementor-heading-title elementor-size-default\">Copper<\/h2>\t\t<\/div>\n\t\t\t\t<\/div>\n\t\t<div class=\"has_ae_slider elementor-element elementor-element-7a86af9 e-con-full e-flex ae-bg-gallery-type-default e-con e-child\" data-dce-background-image-url=\"https:\/\/ooe.boo.mybluehost.me\/website_bd61dc63\/wp-content\/uploads\/2025\/06\/Vector-8.png\" data-id=\"7a86af9\" data-element_type=\"container\" data-settings=\"{&quot;background_background&quot;:&quot;classic&quot;}\">\n\t\t\t\t<div class=\"elementor-element elementor-element-df14b1f elementor-align-justify elementor-widget elementor-widget-button\" data-id=\"df14b1f\" data-element_type=\"widget\" data-widget_type=\"button.default\">\n\t\t\t\t<div class=\"elementor-widget-container\">\n\t\t\t\t\t\t\t<div class=\"elementor-button-wrapper\">\n\t\t\t\t\t<a class=\"elementor-button elementor-button-link elementor-size-sm\" href=\"https:\/\/buenaventura.com\/operacion\/colquijirca-marcapunta\/\" target=\"_blank\">\n\t\t\t\t\t\t<span class=\"elementor-button-content-wrapper\">\n\t\t\t\t\t\t\t\t\t<span class=\"elementor-button-text\">COLQUIJIRCA (MARCAPUNTA)<\/span>\n\t\t\t\t\t<\/span>\n\t\t\t\t\t<\/a>\n\t\t\t\t<\/div>\n\t\t\t\t\t\t<\/div>\n\t\t\t\t<\/div>\n\t\t\t\t<\/div>\n\t\t\t\t<\/div>\n\t\t<div class=\"has_ae_slider elementor-element elementor-element-fa99e2c e-con-full e-flex ae-bg-gallery-type-default e-con e-child\" data-id=\"fa99e2c\" data-element_type=\"container\">\n\t\t\t\t<div class=\"elementor-element elementor-element-107ff64 dce_masking-none elementor-widget elementor-widget-image\" data-id=\"107ff64\" data-element_type=\"widget\" data-widget_type=\"image.default\">\n\t\t\t\t<div class=\"elementor-widget-container\">\n\t\t\t\t\t\t\t\t\t\t\t\t\t<img decoding=\"async\" width=\"123\" height=\"86\" src=\"https:\/\/elbrocal.pe\/wp-content\/uploads\/2025\/06\/Rectangle-1.png\" class=\"attachment-full size-full wp-image-10605\" alt=\"\" srcset=\"https:\/\/elbrocal.pe\/wp-content\/uploads\/2025\/06\/Rectangle-1.png 123w, https:\/\/elbrocal.pe\/wp-content\/uploads\/2025\/06\/Rectangle-1-18x12.png 18w\" sizes=\"(max-width: 123px) 100vw, 123px\" \/>\t\t\t\t\t\t\t\t\t\t\t\t\t<\/div>\n\t\t\t\t<\/div>\n\t\t\t\t<div class=\"elementor-element elementor-element-599dd76 elementor-widget elementor-widget-heading\" data-id=\"599dd76\" data-element_type=\"widget\" data-widget_type=\"heading.default\">\n\t\t\t\t<div class=\"elementor-widget-container\">\n\t\t\t<h2 class=\"elementor-heading-title elementor-size-default\">Zinc &amp; lead<\/h2>\t\t<\/div>\n\t\t\t\t<\/div>\n\t\t<div class=\"has_ae_slider elementor-element elementor-element-2104c7a e-con-full e-flex ae-bg-gallery-type-default e-con e-child\" data-dce-background-image-url=\"https:\/\/ooe.boo.mybluehost.me\/website_bd61dc63\/wp-content\/uploads\/2025\/06\/Vector-8.png\" data-id=\"2104c7a\" data-element_type=\"container\" data-settings=\"{&quot;background_background&quot;:&quot;classic&quot;}\">\n\t\t\t\t<div class=\"elementor-element elementor-element-fd6fef2 elementor-align-justify elementor-widget elementor-widget-button\" data-id=\"fd6fef2\" data-element_type=\"widget\" data-widget_type=\"button.default\">\n\t\t\t\t<div class=\"elementor-widget-container\">\n\t\t\t\t\t\t\t<div class=\"elementor-button-wrapper\">\n\t\t\t\t\t<a class=\"elementor-button elementor-button-link elementor-size-sm\" href=\"https:\/\/buenaventura.com\/operacion\/colquijirca-tajo-norte\/\" target=\"_blank\">\n\t\t\t\t\t\t<span class=\"elementor-button-content-wrapper\">\n\t\t\t\t\t\t\t\t\t<span class=\"elementor-button-text\">COLQUIJIRCA (TAJO NORTE)<\/span>\n\t\t\t\t\t<\/span>\n\t\t\t\t\t<\/a>\n\t\t\t\t<\/div>\n\t\t\t\t\t\t<\/div>\n\t\t\t\t<\/div>\n\t\t\t\t<\/div>\n\t\t<div class=\"has_ae_slider elementor-element elementor-element-335be9c e-con-full e-flex ae-bg-gallery-type-default e-con e-child\" data-dce-background-image-url=\"https:\/\/ooe.boo.mybluehost.me\/website_bd61dc63\/wp-content\/uploads\/2025\/06\/Vector-8.png\" data-id=\"335be9c\" data-element_type=\"container\" data-settings=\"{&quot;background_background&quot;:&quot;classic&quot;}\">\n\t\t\t\t<div class=\"elementor-element elementor-element-a459175 elementor-align-justify elementor-widget elementor-widget-button\" data-id=\"a459175\" data-element_type=\"widget\" data-widget_type=\"button.default\">\n\t\t\t\t<div class=\"elementor-widget-container\">\n\t\t\t\t\t\t\t<div class=\"elementor-button-wrapper\">\n\t\t\t\t\t<a class=\"elementor-button elementor-button-link elementor-size-sm\" href=\"https:\/\/buenaventura.com\/operacion\/proyecto-san-gregorio\/\" target=\"_blank\">\n\t\t\t\t\t\t<span class=\"elementor-button-content-wrapper\">\n\t\t\t\t\t\t\t\t\t<span class=\"elementor-button-text\">SAN GREGORIO<\/span>\n\t\t\t\t\t<\/span>\n\t\t\t\t\t<\/a>\n\t\t\t\t<\/div>\n\t\t\t\t\t\t<\/div>\n\t\t\t\t<\/div>\n\t\t\t\t<\/div>\n\t\t\t\t<\/div>\n\t\t<div class=\"has_ae_slider elementor-element elementor-element-7333cf7 e-con-full e-flex ae-bg-gallery-type-default e-con e-child\" data-id=\"7333cf7\" data-element_type=\"container\">\n\t\t\t\t<\/div>\n\t\t\t\t\t<\/div>\n\t\t\t\t<\/div>\n\t\t<div class=\"has_ae_slider elementor-element elementor-element-f943b1b e-flex e-con-boxed ae-bg-gallery-type-default e-con e-parent\" data-id=\"f943b1b\" data-element_type=\"container\">\n\t\t\t\t\t<div class=\"e-con-inner\">\n\t\t\t\t<div class=\"elementor-element elementor-element-ffb542a elementor-widget elementor-widget-heading\" data-id=\"ffb542a\" data-element_type=\"widget\" data-widget_type=\"heading.default\">\n\t\t\t\t<div class=\"elementor-widget-container\">\n\t\t\t<h2 class=\"elementor-heading-title elementor-size-default\">Distrito Minero de Colquijirca<\/h2>\t\t<\/div>\n\t\t\t\t<\/div>\n\t\t\t\t\t<\/div>\n\t\t\t\t<\/div>\n\t\t<div class=\"has_ae_slider elementor-element elementor-element-c68b723 e-flex e-con-boxed ae-bg-gallery-type-default e-con e-parent\" data-id=\"c68b723\" data-element_type=\"container\">\n\t\t\t\t\t<div class=\"e-con-inner\">\n\t\t<div class=\"has_ae_slider elementor-element elementor-element-3233055 e-con-full e-flex ae-bg-gallery-type-default e-con e-child\" data-id=\"3233055\" data-element_type=\"container\">\n\t\t\t\t<div class=\"elementor-element elementor-element-c59759a dce_masking-none elementor-widget elementor-widget-image\" data-id=\"c59759a\" data-element_type=\"widget\" data-widget_type=\"image.default\">\n\t\t\t\t<div class=\"elementor-widget-container\">\n\t\t\t\t\t\t\t\t\t\t\t\t\t<img fetchpriority=\"high\" decoding=\"async\" width=\"800\" height=\"250\" src=\"https:\/\/elbrocal.pe\/wp-content\/uploads\/2025\/06\/image-30-1024x320.png\" class=\"attachment-large size-large wp-image-10606\" alt=\"\" srcset=\"https:\/\/elbrocal.pe\/wp-content\/uploads\/2025\/06\/image-30-1024x320.png 1024w, https:\/\/elbrocal.pe\/wp-content\/uploads\/2025\/06\/image-30-300x94.png 300w, https:\/\/elbrocal.pe\/wp-content\/uploads\/2025\/06\/image-30-768x240.png 768w, https:\/\/elbrocal.pe\/wp-content\/uploads\/2025\/06\/image-30-18x6.png 18w, https:\/\/elbrocal.pe\/wp-content\/uploads\/2025\/06\/image-30.png 1096w\" sizes=\"(max-width: 800px) 100vw, 800px\" \/>\t\t\t\t\t\t\t\t\t\t\t\t\t<\/div>\n\t\t\t\t<\/div>\n\t\t\t\t<\/div>\n\t\t\t\t\t<\/div>\n\t\t\t\t<\/div>\n\t\t<div class=\"has_ae_slider elementor-element elementor-element-126853f e-con-full e-flex ae-bg-gallery-type-default e-con e-parent\" data-id=\"126853f\" data-element_type=\"container\">\n\t\t<div class=\"has_ae_slider elementor-element elementor-element-b3a91e1 e-con-full e-flex ae-bg-gallery-type-default e-con e-child\" data-id=\"b3a91e1\" data-element_type=\"container\">\n\t\t\t\t<div class=\"elementor-element elementor-element-c582d0c dce_masking-none elementor-widget elementor-widget-image\" data-id=\"c582d0c\" data-element_type=\"widget\" data-widget_type=\"image.default\">\n\t\t\t\t<div class=\"elementor-widget-container\">\n\t\t\t\t\t\t\t\t\t\t\t\t\t<img loading=\"lazy\" decoding=\"async\" width=\"204\" height=\"66\" src=\"https:\/\/elbrocal.pe\/wp-content\/uploads\/2025\/06\/logo-1.png\" class=\"attachment-full size-full wp-image-10586\" alt=\"\" srcset=\"https:\/\/elbrocal.pe\/wp-content\/uploads\/2025\/06\/logo-1.png 204w, https:\/\/elbrocal.pe\/wp-content\/uploads\/2025\/06\/logo-1-18x6.png 18w\" sizes=\"(max-width: 204px) 100vw, 204px\" \/>\t\t\t\t\t\t\t\t\t\t\t\t\t<\/div>\n\t\t\t\t<\/div>\n\t\t\t\t<\/div>\n\t\t<div class=\"has_ae_slider elementor-element elementor-element-c58b6d6 e-con-full e-flex ae-bg-gallery-type-default e-con e-child\" data-id=\"c58b6d6\" data-element_type=\"container\">\n\t\t\t\t<div class=\"elementor-element elementor-element-ea26e3d dce_masking-none elementor-widget elementor-widget-image\" data-id=\"ea26e3d\" data-element_type=\"widget\" data-widget_type=\"image.default\">\n\t\t\t\t<div class=\"elementor-widget-container\">\n\t\t\t\t\t\t\t\t\t\t\t\t\t<img loading=\"lazy\" decoding=\"async\" width=\"204\" height=\"66\" src=\"https:\/\/elbrocal.pe\/wp-content\/uploads\/2025\/06\/logo-2.png\" class=\"attachment-full size-full wp-image-10587\" alt=\"\" srcset=\"https:\/\/elbrocal.pe\/wp-content\/uploads\/2025\/06\/logo-2.png 204w, https:\/\/elbrocal.pe\/wp-content\/uploads\/2025\/06\/logo-2-18x6.png 18w\" sizes=\"(max-width: 204px) 100vw, 204px\" \/>\t\t\t\t\t\t\t\t\t\t\t\t\t<\/div>\n\t\t\t\t<\/div>\n\t\t\t\t<\/div>\n\t\t<div class=\"has_ae_slider elementor-element elementor-element-38c8942 e-con-full e-flex ae-bg-gallery-type-default e-con e-child\" data-id=\"38c8942\" data-element_type=\"container\">\n\t\t\t\t<div class=\"elementor-element elementor-element-3b347fd dce_masking-none elementor-widget elementor-widget-image\" data-id=\"3b347fd\" data-element_type=\"widget\" data-widget_type=\"image.default\">\n\t\t\t\t<div class=\"elementor-widget-container\">\n\t\t\t\t\t\t\t\t\t\t\t\t\t<img loading=\"lazy\" decoding=\"async\" width=\"204\" height=\"66\" src=\"https:\/\/elbrocal.pe\/wp-content\/uploads\/2025\/06\/logo-3.png\" class=\"attachment-full size-full wp-image-10588\" alt=\"\" srcset=\"https:\/\/elbrocal.pe\/wp-content\/uploads\/2025\/06\/logo-3.png 204w, https:\/\/elbrocal.pe\/wp-content\/uploads\/2025\/06\/logo-3-18x6.png 18w\" sizes=\"(max-width: 204px) 100vw, 204px\" \/>\t\t\t\t\t\t\t\t\t\t\t\t\t<\/div>\n\t\t\t\t<\/div>\n\t\t\t\t<\/div>\n\t\t<div class=\"has_ae_slider elementor-element elementor-element-503a0aa e-con-full e-flex ae-bg-gallery-type-default e-con e-child\" data-id=\"503a0aa\" data-element_type=\"container\">\n\t\t\t\t<div class=\"elementor-element elementor-element-ad28398 dce_masking-none elementor-widget elementor-widget-image\" data-id=\"ad28398\" data-element_type=\"widget\" data-widget_type=\"image.default\">\n\t\t\t\t<div class=\"elementor-widget-container\">\n\t\t\t\t\t\t\t\t\t\t\t\t\t<img loading=\"lazy\" decoding=\"async\" width=\"204\" height=\"66\" src=\"https:\/\/elbrocal.pe\/wp-content\/uploads\/2025\/06\/logo-4.png\" class=\"attachment-full size-full wp-image-10584\" alt=\"\" srcset=\"https:\/\/elbrocal.pe\/wp-content\/uploads\/2025\/06\/logo-4.png 204w, https:\/\/elbrocal.pe\/wp-content\/uploads\/2025\/06\/logo-4-18x6.png 18w\" sizes=\"(max-width: 204px) 100vw, 204px\" \/>\t\t\t\t\t\t\t\t\t\t\t\t\t<\/div>\n\t\t\t\t<\/div>\n\t\t\t\t<\/div>\n\t\t<div class=\"has_ae_slider elementor-element elementor-element-7437711 e-con-full e-flex ae-bg-gallery-type-default e-con e-child\" data-id=\"7437711\" data-element_type=\"container\">\n\t\t\t\t<div class=\"elementor-element elementor-element-a5034cf dce_masking-none elementor-widget elementor-widget-image\" data-id=\"a5034cf\" data-element_type=\"widget\" data-widget_type=\"image.default\">\n\t\t\t\t<div class=\"elementor-widget-container\">\n\t\t\t\t\t\t\t\t\t\t\t\t\t<img loading=\"lazy\" decoding=\"async\" width=\"204\" height=\"66\" src=\"https:\/\/elbrocal.pe\/wp-content\/uploads\/2025\/06\/logo-5.png\" class=\"attachment-full size-full wp-image-10585\" alt=\"\" srcset=\"https:\/\/elbrocal.pe\/wp-content\/uploads\/2025\/06\/logo-5.png 204w, https:\/\/elbrocal.pe\/wp-content\/uploads\/2025\/06\/logo-5-18x6.png 18w\" sizes=\"(max-width: 204px) 100vw, 204px\" \/>\t\t\t\t\t\t\t\t\t\t\t\t\t<\/div>\n\t\t\t\t<\/div>\n\t\t\t\t<\/div>\n\t\t\t\t<\/div>\n\t\t<div class=\"has_ae_slider elementor-element elementor-element-0f6a1e9 e-flex e-con-boxed ae-bg-gallery-type-default e-con e-parent\" data-id=\"0f6a1e9\" data-element_type=\"container\">\n\t\t\t\t\t<div class=\"e-con-inner\">\n\t\t\t\t<div class=\"elementor-element elementor-element-ea7bef6 elementor-widget elementor-widget-heading\" data-id=\"ea7bef6\" data-element_type=\"widget\" data-widget_type=\"heading.default\">\n\t\t\t\t<div class=\"elementor-widget-container\">\n\t\t\t<h2 class=\"elementor-heading-title elementor-size-default\">SERVICIO DE MUESTREO Y PREPARACI\u00d3N DE MUESTRAS DE MINERALES, AN\u00c1LISIS QU\u00cdMICO DE MUESTRAS DE MINERALES, AN\u00c1LISIS QU\u00cdMICO DE MUESTRAS DE AGUA<\/h2>\t\t<\/div>\n\t\t\t\t<\/div>\n\t\t\t\t\t<\/div>\n\t\t\t\t<\/div>\n\t\t\t\t<\/div>","protected":false},"excerpt":{"rendered":"<p>Operaciones Inicio \/ Operaciones Sociedad Minera El Brocal S.A.A. en su unidad minera Colquijirca, Tinyahuarco \u2013 Cerro de Pasco,\u00a0 realiza sus operaciones de explotaci\u00f3n bajo el m\u00e9todo de tajo abierto en la mina denominada Tajo Norte y subterr\u00e1nea en la mina Marcapunta Norte. Asimismo, las minas Marcapunta Oeste y San Gregorio constituyen los proyectos de [&hellip;]<\/p>","protected":false},"author":1,"featured_media":0,"parent":0,"menu_order":0,"comment_status":"closed","ping_status":"closed","template":"","meta":{"footnotes":""},"class_list":["post-1116","page","type-page","status-publish","hentry"],"acf":[],"_links":{"self":[{"href":"https:\/\/elbrocal.pe\/en\/wp-json\/wp\/v2\/pages\/1116","targetHints":{"allow":["GET"]}}],"collection":[{"href":"https:\/\/elbrocal.pe\/en\/wp-json\/wp\/v2\/pages"}],"about":[{"href":"https:\/\/elbrocal.pe\/en\/wp-json\/wp\/v2\/types\/page"}],"author":[{"embeddable":true,"href":"https:\/\/elbrocal.pe\/en\/wp-json\/wp\/v2\/users\/1"}],"replies":[{"embeddable":true,"href":"https:\/\/elbrocal.pe\/en\/wp-json\/wp\/v2\/comments?post=1116"}],"version-history":[{"count":27,"href":"https:\/\/elbrocal.pe\/en\/wp-json\/wp\/v2\/pages\/1116\/revisions"}],"predecessor-version":[{"id":11003,"href":"https:\/\/elbrocal.pe\/en\/wp-json\/wp\/v2\/pages\/1116\/revisions\/11003"}],"wp:attachment":[{"href":"https:\/\/elbrocal.pe\/en\/wp-json\/wp\/v2\/media?parent=1116"}],"curies":[{"name":"wp","href":"https:\/\/api.w.org\/{rel}","templated":true}]}}