{"id":3204,"date":"2024-08-27T16:43:11","date_gmt":"2024-08-27T16:43:11","guid":{"rendered":"https:\/\/172-104-212-166.ip.linodeusercontent.com\/?page_id=3204"},"modified":"2024-12-17T19:30:55","modified_gmt":"2024-12-17T19:30:55","slug":"codigo-de-etica","status":"publish","type":"page","link":"https:\/\/elbrocal.pe\/en\/codigo-de-etica\/","title":{"rendered":"C\u00f3digo de \u00e9tica y buena conducta"},"content":{"rendered":"<div data-elementor-type=\"wp-post\" data-elementor-id=\"3204\" class=\"elementor elementor-3204\" data-elementor-post-type=\"page\">\n\t\t\t\t<div class=\"has_ae_slider elementor-element elementor-element-ba3e880 e-con-full e-flex ae-bg-gallery-type-default e-con e-parent\" data-id=\"ba3e880\" data-element_type=\"container\">\n\t\t<div class=\"has_ae_slider elementor-element elementor-element-1c8a5df e-con-full e-flex ae-bg-gallery-type-default e-con e-child\" data-id=\"1c8a5df\" data-element_type=\"container\">\n\t\t<div class=\"has_ae_slider elementor-element elementor-element-64428da e-con-full e-flex ae-bg-gallery-type-default e-con e-child\" data-id=\"64428da\" data-element_type=\"container\">\n\t\t\t\t<div class=\"elementor-element elementor-element-2957361 elementor-widget elementor-widget-text-editor\" data-id=\"2957361\" data-element_type=\"widget\" data-widget_type=\"text-editor.default\">\n\t\t\t\t<div class=\"elementor-widget-container\">\n\t\t\t\t\t\t\t<p><a style=\"color: #484848;\" href=\"\/en\/\">Home <\/a> \/ <a style=\"color: #484848;\" href=\"\/en\/inversionista\/\">Investor Relations <\/a>\/ <strong style=\"color: #484848;\">Code of Ethics and Good Conduct<\/strong><\/p>\t\t\t\t\t\t<\/div>\n\t\t\t\t<\/div>\n\t\t\t\t<\/div>\n\t\t<div class=\"has_ae_slider elementor-element elementor-element-afd5898 e-con-full e-flex ae-bg-gallery-type-default e-con e-child\" data-id=\"afd5898\" data-element_type=\"container\">\n\t\t\t\t<div class=\"elementor-element elementor-element-320f2f8 dce_masking-none elementor-widget elementor-widget-image\" data-id=\"320f2f8\" data-element_type=\"widget\" data-widget_type=\"image.default\">\n\t\t\t\t<div class=\"elementor-widget-container\">\n\t\t\t\t\t\t\t\t\t\t\t\t\t\t<a href=\"\/en\/comites-2\/\">\n\t\t\t\t\t\t\t<img decoding=\"async\" width=\"49\" height=\"45\" src=\"https:\/\/elbrocal.pe\/wp-content\/uploads\/2024\/08\/Frame-112.png\" class=\"attachment-large size-large wp-image-2977\" alt=\"\" \/>\t\t\t\t\t\t\t\t<\/a>\n\t\t\t\t\t\t\t\t\t\t\t\t\t<\/div>\n\t\t\t\t<\/div>\n\t\t\t\t<div class=\"elementor-element elementor-element-cbf0b89 dce_masking-none elementor-widget elementor-widget-image\" data-id=\"cbf0b89\" data-element_type=\"widget\" data-widget_type=\"image.default\">\n\t\t\t\t<div class=\"elementor-widget-container\">\n\t\t\t\t\t\t\t\t\t\t\t\t\t\t<a href=\"\/en\/politica-de-dividendos\/\">\n\t\t\t\t\t\t\t<img decoding=\"async\" width=\"49\" height=\"45\" src=\"https:\/\/elbrocal.pe\/wp-content\/uploads\/2024\/08\/Frame-111.png\" class=\"attachment-large size-large wp-image-2978\" alt=\"\" \/>\t\t\t\t\t\t\t\t<\/a>\n\t\t\t\t\t\t\t\t\t\t\t\t\t<\/div>\n\t\t\t\t<\/div>\n\t\t\t\t<\/div>\n\t\t\t\t<\/div>\n\t\t\t\t<\/div>\n\t\t<div class=\"has_ae_slider elementor-element elementor-element-8092174 e-con-full e-flex ae-bg-gallery-type-default e-con e-parent\" data-id=\"8092174\" data-element_type=\"container\">\n\t\t<div class=\"has_ae_slider elementor-element elementor-element-6a83c84 e-con-full e-flex ae-bg-gallery-type-default e-con e-child\" data-dce-background-image-url=\"https:\/\/ooe.boo.mybluehost.me\/wp-content\/uploads\/2024\/09\/fondo-otros.jpg\" data-id=\"6a83c84\" data-element_type=\"container\" data-settings=\"{&quot;background_background&quot;:&quot;classic&quot;}\">\n\t\t\t\t<div class=\"elementor-element elementor-element-2c1957a elementor-widget elementor-widget-heading\" data-id=\"2c1957a\" data-element_type=\"widget\" data-widget_type=\"heading.default\">\n\t\t\t\t<div class=\"elementor-widget-container\">\n\t\t\t<h2 class=\"elementor-heading-title elementor-size-default\">Code of Ethics and<br>Good Conduct<\/h2>\t\t<\/div>\n\t\t\t\t<\/div>\n\t\t\t\t<\/div>\n\t\t\t\t<\/div>\n\t\t<div class=\"has_ae_slider elementor-element elementor-element-df9f40d e-con-full e-flex ae-bg-gallery-type-default e-con e-parent\" data-dce-background-overlay-image-url=\"https:\/\/ooe.boo.mybluehost.me\/wp-content\/uploads\/2024\/08\/Mask-Group-2.png\" data-id=\"df9f40d\" data-element_type=\"container\">\n\t\t<div class=\"has_ae_slider elementor-element elementor-element-49b9eab e-con-full e-flex ae-bg-gallery-type-default e-con e-child\" data-id=\"49b9eab\" data-element_type=\"container\">\n\t\t<div class=\"has_ae_slider elementor-element elementor-element-68ee49a e-con-full e-flex ae-bg-gallery-type-default e-con e-child\" data-id=\"68ee49a\" data-element_type=\"container\">\n\t\t\t\t<div class=\"elementor-element elementor-element-e3736b2 elementor-widget elementor-widget-text-editor\" data-id=\"e3736b2\" data-element_type=\"widget\" data-widget_type=\"text-editor.default\">\n\t\t\t\t<div class=\"elementor-widget-container\">\n\t\t\t\t\t\t\t<p>El C\u00f3digo de \u00c9tica y Buena Conducta (en adelante, el &#8220;C\u00f3digo&#8221;) describe c\u00f3mo debemos trabajar y contiene los principios y pautas de conducta a ser respetados por todos aquellos bajo su alcance. Este C\u00f3digo y sus anexos est\u00e1n dise\u00f1ados para ayudarnos a evaluar y enfrentar diferentes tipos de situaciones con las que podemos encontrarnos.<\/p><p>The Employees, Permanent or Temporary, Interns, Officers, Directors and \/ or Executives of the Company and its affiliated subsidiaries, as well as those contractually contracted (hereinafter referred as \"all persons subject to the Code\") shall apply the rules of this Code and the principles and objectives thereof, as well as, if applicable, the applicable legal provisions.<\/p><p>It is the individual responsibility and obligation of each person subject to this Code to know it and comply with its policies, rules and standards of conduct. Those persons, subject to this Code, who violate this document will be subject to sanctions and disciplinary measures that may include their separation from the Company within the existing legal framework.<\/p><div>\u00a0<\/div><p><strong>P\u00e1gina web<\/strong>: <a href=\"http:\/\/lineaeticabuenaventura.ethicsglobal.com\" target=\"_blank\" rel=\"noopener\">lineaeticabuenaventura.ethicsglobal.com<\/a><br \/>Correo electr\u00f3nico: lineaeticabuenaventura@ethicsglobal.com<\/p>\t\t\t\t\t\t<\/div>\n\t\t\t\t<\/div>\n\t\t\t\t<\/div>\n\t\t\t\t<div class=\"elementor-element elementor-element-0927b9a dce_masking-none elementor-widget elementor-widget-image\" data-id=\"0927b9a\" data-element_type=\"widget\" data-widget_type=\"image.default\">\n\t\t\t\t<div class=\"elementor-widget-container\">\n\t\t\t\t\t\t\t\t\t\t\t\t\t\t<a href=\"\/wp-content\/uploads\/2024\/12\/Code-of-ethics-and-good-conduct.pdf\" target=\"_blank\">\n\t\t\t\t\t\t\t<img fetchpriority=\"high\" decoding=\"async\" width=\"245\" height=\"361\" src=\"https:\/\/elbrocal.pe\/wp-content\/uploads\/2024\/08\/Frame-598.png\" class=\"attachment-large size-large wp-image-3213\" alt=\"\" srcset=\"https:\/\/elbrocal.pe\/wp-content\/uploads\/2024\/08\/Frame-598.png 245w, https:\/\/elbrocal.pe\/wp-content\/uploads\/2024\/08\/Frame-598-204x300.png 204w\" sizes=\"(max-width: 245px) 100vw, 245px\" \/>\t\t\t\t\t\t\t\t<\/a>\n\t\t\t\t\t\t\t\t\t\t\t\t\t<\/div>\n\t\t\t\t<\/div>\n\t\t\t\t<\/div>\n\t\t\t\t<\/div>\n\t\t\t\t<\/div>","protected":false},"excerpt":{"rendered":"<p>Inicio \/ Inversionistas \/ C\u00f3digo de \u00c9tica y Buena Conducta C\u00f3digo de \u00c9tica y BuenaConducta El C\u00f3digo de \u00c9tica y Buena Conducta (en adelante, el &#8220;C\u00f3digo&#8221;) describe c\u00f3mo debemos trabajar y contiene los principios y pautas de conducta a ser respetados por todos aquellos bajo su alcance. Este C\u00f3digo y sus anexos est\u00e1n dise\u00f1ados para [&hellip;]<\/p>","protected":false},"author":1,"featured_media":0,"parent":0,"menu_order":0,"comment_status":"closed","ping_status":"closed","template":"elementor_header_footer","meta":{"footnotes":""},"class_list":["post-3204","page","type-page","status-publish","hentry"],"acf":[],"_links":{"self":[{"href":"https:\/\/elbrocal.pe\/en\/wp-json\/wp\/v2\/pages\/3204","targetHints":{"allow":["GET"]}}],"collection":[{"href":"https:\/\/elbrocal.pe\/en\/wp-json\/wp\/v2\/pages"}],"about":[{"href":"https:\/\/elbrocal.pe\/en\/wp-json\/wp\/v2\/types\/page"}],"author":[{"embeddable":true,"href":"https:\/\/elbrocal.pe\/en\/wp-json\/wp\/v2\/users\/1"}],"replies":[{"embeddable":true,"href":"https:\/\/elbrocal.pe\/en\/wp-json\/wp\/v2\/comments?post=3204"}],"version-history":[{"count":20,"href":"https:\/\/elbrocal.pe\/en\/wp-json\/wp\/v2\/pages\/3204\/revisions"}],"predecessor-version":[{"id":7831,"href":"https:\/\/elbrocal.pe\/en\/wp-json\/wp\/v2\/pages\/3204\/revisions\/7831"}],"wp:attachment":[{"href":"https:\/\/elbrocal.pe\/en\/wp-json\/wp\/v2\/media?parent=3204"}],"curies":[{"name":"wp","href":"https:\/\/api.w.org\/{rel}","templated":true}]}}