{"id":3217,"date":"2024-08-27T17:01:00","date_gmt":"2024-08-27T17:01:00","guid":{"rendered":"https:\/\/172-104-212-166.ip.linodeusercontent.com\/?page_id=3217"},"modified":"2024-09-17T04:34:20","modified_gmt":"2024-09-17T04:34:20","slug":"politica-de-dividendos","status":"publish","type":"page","link":"https:\/\/elbrocal.pe\/en\/politica-de-dividendos\/","title":{"rendered":"Pol\u00edtica de dividendos"},"content":{"rendered":"<div data-elementor-type=\"wp-post\" data-elementor-id=\"3217\" class=\"elementor elementor-3217\" data-elementor-post-type=\"page\">\n\t\t\t\t<div class=\"has_ae_slider elementor-element elementor-element-ba3e880 e-con-full e-flex ae-bg-gallery-type-default e-con e-parent\" data-id=\"ba3e880\" data-element_type=\"container\">\n\t\t<div class=\"has_ae_slider elementor-element elementor-element-1c8a5df e-con-full e-flex ae-bg-gallery-type-default e-con e-child\" data-id=\"1c8a5df\" data-element_type=\"container\">\n\t\t<div class=\"has_ae_slider elementor-element elementor-element-64428da e-con-full e-flex ae-bg-gallery-type-default e-con e-child\" data-id=\"64428da\" data-element_type=\"container\">\n\t\t\t\t<div class=\"elementor-element elementor-element-2957361 elementor-widget elementor-widget-text-editor\" data-id=\"2957361\" data-element_type=\"widget\" data-widget_type=\"text-editor.default\">\n\t\t\t\t<div class=\"elementor-widget-container\">\n\t\t\t\t\t\t\t<p><a style=\"color: #484848;\" href=\"\/en\/\">Home <\/a> \/ <a style=\"color: #484848;\" href=\"\/en\/inversionista\/\">Investor Relations <\/a>\/ <strong style=\"color: #484848;\">Dividends Policy<\/strong><\/p>\t\t\t\t\t\t<\/div>\n\t\t\t\t<\/div>\n\t\t\t\t<\/div>\n\t\t<div class=\"has_ae_slider elementor-element elementor-element-afd5898 e-con-full e-flex ae-bg-gallery-type-default e-con e-child\" data-id=\"afd5898\" data-element_type=\"container\">\n\t\t\t\t<div class=\"elementor-element elementor-element-320f2f8 dce_masking-none elementor-widget elementor-widget-image\" data-id=\"320f2f8\" data-element_type=\"widget\" data-widget_type=\"image.default\">\n\t\t\t\t<div class=\"elementor-widget-container\">\n\t\t\t\t\t\t\t\t\t\t\t\t\t\t<a href=\"\/en\/codigo-de-etica\/\">\n\t\t\t\t\t\t\t<img decoding=\"async\" width=\"49\" height=\"45\" src=\"https:\/\/elbrocal.pe\/wp-content\/uploads\/2024\/08\/Frame-112.png\" class=\"attachment-large size-large wp-image-2977\" alt=\"\" \/>\t\t\t\t\t\t\t\t<\/a>\n\t\t\t\t\t\t\t\t\t\t\t\t\t<\/div>\n\t\t\t\t<\/div>\n\t\t\t\t<div class=\"elementor-element elementor-element-cbf0b89 dce_masking-none elementor-widget elementor-widget-image\" data-id=\"cbf0b89\" data-element_type=\"widget\" data-widget_type=\"image.default\">\n\t\t\t\t<div class=\"elementor-widget-container\">\n\t\t\t\t\t\t\t\t\t\t\t\t\t\t<a href=\"\/en\/junta-anual\/\">\n\t\t\t\t\t\t\t<img decoding=\"async\" width=\"49\" height=\"45\" src=\"https:\/\/elbrocal.pe\/wp-content\/uploads\/2024\/08\/Frame-111.png\" class=\"attachment-large size-large wp-image-2978\" alt=\"\" \/>\t\t\t\t\t\t\t\t<\/a>\n\t\t\t\t\t\t\t\t\t\t\t\t\t<\/div>\n\t\t\t\t<\/div>\n\t\t\t\t<\/div>\n\t\t\t\t<\/div>\n\t\t\t\t<\/div>\n\t\t<div class=\"has_ae_slider elementor-element elementor-element-8092174 e-con-full e-flex ae-bg-gallery-type-default e-con e-parent\" data-id=\"8092174\" data-element_type=\"container\">\n\t\t<div class=\"has_ae_slider elementor-element elementor-element-6a83c84 e-con-full e-flex ae-bg-gallery-type-default e-con e-child\" data-dce-background-image-url=\"https:\/\/ooe.boo.mybluehost.me\/wp-content\/uploads\/2024\/09\/fondo-otros.jpg\" data-id=\"6a83c84\" data-element_type=\"container\" data-settings=\"{&quot;background_background&quot;:&quot;classic&quot;}\">\n\t\t\t\t<div class=\"elementor-element elementor-element-41f4d95 elementor-widget elementor-widget-heading\" data-id=\"41f4d95\" data-element_type=\"widget\" data-widget_type=\"heading.default\">\n\t\t\t\t<div class=\"elementor-widget-container\">\n\t\t\t<h2 class=\"elementor-heading-title elementor-size-default\">Dividends Policy<\/h2>\t\t<\/div>\n\t\t\t\t<\/div>\n\t\t\t\t<\/div>\n\t\t\t\t<\/div>\n\t\t<div class=\"has_ae_slider elementor-element elementor-element-df9f40d e-con-full e-flex ae-bg-gallery-type-default e-con e-parent\" data-dce-background-overlay-image-url=\"https:\/\/ooe.boo.mybluehost.me\/wp-content\/uploads\/2024\/08\/Mask-Group-2.png\" data-id=\"df9f40d\" data-element_type=\"container\">\n\t\t<div class=\"has_ae_slider elementor-element elementor-element-49b9eab e-con-full e-flex ae-bg-gallery-type-default e-con e-child\" data-id=\"49b9eab\" data-element_type=\"container\">\n\t\t<div class=\"has_ae_slider elementor-element elementor-element-68ee49a e-con-full e-flex ae-bg-gallery-type-default e-con e-child\" data-id=\"68ee49a\" data-element_type=\"container\">\n\t\t\t\t<div class=\"elementor-element elementor-element-e3736b2 elementor-widget elementor-widget-text-editor\" data-id=\"e3736b2\" data-element_type=\"widget\" data-widget_type=\"text-editor.default\">\n\t\t\t\t<div class=\"elementor-widget-container\">\n\t\t\t\t\t\t\t<p>The Company\u2019s dividends policy establishes that Buenaventura shall distribute to its shareholders, on an annual basis, a cash dividend of at least 20% of the net earnings generated by its own operations and by the subsidiary companies in which it exercises control (understanding \u201ccontrol\u201d to mean a shareholding stake of over 50% in its capital stock). In the case of affiliated companies (those in which Buenaventura is a shareholder, but does not have control over them) a 20% shareholding stake shall be used for the calculation of said dividends, only in those cases in which cash dividends are distributed to Buenaventura.<\/p>\t\t\t\t\t\t<\/div>\n\t\t\t\t<\/div>\n\t\t\t\t<\/div>\n\t\t<div class=\"has_ae_slider elementor-element elementor-element-f8e360f e-con-full e-flex ae-bg-gallery-type-default e-con e-child\" data-dce-background-overlay-image-url=\"https:\/\/ooe.boo.mybluehost.me\/wp-content\/uploads\/2024\/08\/Rectangle-70-3.png\" data-id=\"f8e360f\" data-element_type=\"container\">\n\t\t\t\t<div data-dce-advanced-background-color=\"#FFFFFF\" data-dce-advanced-background-image-url=\"https:\/\/ooe.boo.mybluehost.me\/wp-content\/uploads\/2024\/08\/Frame-594.png\" class=\"elementor-element elementor-element-823168a elementor-vertical-align-middle bot elementor-widget__width-inherit elementor-widget elementor-widget-icon-box\" data-id=\"823168a\" data-element_type=\"widget\" data-widget_type=\"icon-box.default\">\n\t\t\t\t<div class=\"elementor-widget-container\">\n\t\t\t\t\t<div class=\"elementor-icon-box-wrapper\">\n\n\t\t\t\n\t\t\t\t\t\t<div class=\"elementor-icon-box-content\">\n\n\t\t\t\t\t\t\t\t\t<h3 class=\"elementor-icon-box-title\">\n\t\t\t\t\t\t<a href=\"\/wp-content\/uploads\/2024\/09\/INSTRUCCIONES-PARA-EL-PAGO-DE-DIVIDENDOS.pdf\" target=\"_blank\" >\n\t\t\t\t\t\t\tDIVIDEND PAYMENT INSTRUCTIONS (Espa\u00f1ol)\t\t\t\t\t\t<\/a>\n\t\t\t\t\t<\/h3>\n\t\t\t\t\n\t\t\t\t\n\t\t\t<\/div>\n\t\t\t\n\t\t<\/div>\n\t\t\t\t<\/div>\n\t\t\t\t<\/div>\n\t\t\t\t<\/div>\n\t\t\t\t<\/div>\n\t\t\t\t<\/div>\n\t\t\t\t<\/div>","protected":false},"excerpt":{"rendered":"<p>Inicio \/ Inversionistas \/ Pol\u00edtica de Dividendos Pol\u00edtica de Dividendos La pol\u00edtica de dividendos de la Sociedad indica que Buenaventura distribuir\u00e1 anualmente a sus accionistas un dividendo en efectivo de al menos el 20% de la utilidad neta generada por sus operaciones propias y por las empresas subsidiarias en las que ejerce el control (entendiendo [&hellip;]<\/p>","protected":false},"author":1,"featured_media":0,"parent":0,"menu_order":0,"comment_status":"closed","ping_status":"closed","template":"elementor_header_footer","meta":{"footnotes":""},"class_list":["post-3217","page","type-page","status-publish","hentry"],"acf":[],"_links":{"self":[{"href":"https:\/\/elbrocal.pe\/en\/wp-json\/wp\/v2\/pages\/3217","targetHints":{"allow":["GET"]}}],"collection":[{"href":"https:\/\/elbrocal.pe\/en\/wp-json\/wp\/v2\/pages"}],"about":[{"href":"https:\/\/elbrocal.pe\/en\/wp-json\/wp\/v2\/types\/page"}],"author":[{"embeddable":true,"href":"https:\/\/elbrocal.pe\/en\/wp-json\/wp\/v2\/users\/1"}],"replies":[{"embeddable":true,"href":"https:\/\/elbrocal.pe\/en\/wp-json\/wp\/v2\/comments?post=3217"}],"version-history":[{"count":19,"href":"https:\/\/elbrocal.pe\/en\/wp-json\/wp\/v2\/pages\/3217\/revisions"}],"predecessor-version":[{"id":4771,"href":"https:\/\/elbrocal.pe\/en\/wp-json\/wp\/v2\/pages\/3217\/revisions\/4771"}],"wp:attachment":[{"href":"https:\/\/elbrocal.pe\/en\/wp-json\/wp\/v2\/media?parent=3217"}],"curies":[{"name":"wp","href":"https:\/\/api.w.org\/{rel}","templated":true}]}}