{"id":3625,"date":"2024-09-02T02:22:59","date_gmt":"2024-09-02T02:22:59","guid":{"rendered":"https:\/\/172-104-212-166.ip.linodeusercontent.com\/?page_id=3625"},"modified":"2025-07-04T20:01:47","modified_gmt":"2025-07-04T20:01:47","slug":"noticias-2","status":"publish","type":"page","link":"https:\/\/elbrocal.pe\/en\/noticias-2\/","title":{"rendered":"News"},"content":{"rendered":"<div data-elementor-type=\"wp-post\" data-elementor-id=\"3625\" class=\"elementor elementor-3625\" data-elementor-post-type=\"page\">\n\t\t\t\t<div class=\"has_ae_slider elementor-element elementor-element-029d995 e-con-full e-flex ae-bg-gallery-type-default e-con e-parent\" data-dce-background-image-url=\"https:\/\/ooe.boo.mybluehost.me\/website_bd61dc63\/wp-content\/uploads\/2025\/06\/f5.jpg\" data-id=\"029d995\" data-element_type=\"container\" data-settings=\"{&quot;background_background&quot;:&quot;classic&quot;}\">\n\t\t<div class=\"has_ae_slider elementor-element elementor-element-c339251 e-con-full e-flex ae-bg-gallery-type-default e-con e-child\" data-id=\"c339251\" data-element_type=\"container\" data-settings=\"{&quot;background_background&quot;:&quot;classic&quot;}\">\n\t\t\t\t<div class=\"elementor-element elementor-element-776f476 elementor-widget elementor-widget-heading\" data-id=\"776f476\" data-element_type=\"widget\" data-widget_type=\"heading.default\">\n\t\t\t\t<div class=\"elementor-widget-container\">\n\t\t\t<h2 class=\"elementor-heading-title elementor-size-default\">News<\/h2>\t\t<\/div>\n\t\t\t\t<\/div>\n\t\t\t\t<\/div>\n\t\t<div class=\"has_ae_slider elementor-element elementor-element-c26a34e e-con-full e-flex ae-bg-gallery-type-default e-con e-child\" data-id=\"c26a34e\" data-element_type=\"container\">\n\t\t\t\t<\/div>\n\t\t\t\t<\/div>\n\t\t<div class=\"has_ae_slider elementor-element elementor-element-a544965 e-con-full e-flex ae-bg-gallery-type-default e-con e-parent\" data-id=\"a544965\" data-element_type=\"container\">\n\t\t<div class=\"has_ae_slider elementor-element elementor-element-7985e0e e-con-full e-flex ae-bg-gallery-type-default e-con e-child\" data-id=\"7985e0e\" data-element_type=\"container\">\n\t\t<div class=\"has_ae_slider elementor-element elementor-element-1ffd998 e-con-full e-flex ae-bg-gallery-type-default e-con e-child\" data-id=\"1ffd998\" data-element_type=\"container\">\n\t\t\t\t<div class=\"elementor-element elementor-element-ce6aa15 elementor-widget elementor-widget-text-editor\" data-id=\"ce6aa15\" data-element_type=\"widget\" data-widget_type=\"text-editor.default\">\n\t\t\t\t<div class=\"elementor-widget-container\">\n\t\t\t\t\t\t\t<p><a style=\"color: #484848;\" href=\"\/en\/\">Home <\/a> \/ <strong style=\"color: #484848;\">News<\/strong><\/p>\t\t\t\t\t\t<\/div>\n\t\t\t\t<\/div>\n\t\t\t\t<\/div>\n\t\t\t\t<\/div>\n\t\t\t\t<\/div>\n\t\t<div class=\"has_ae_slider elementor-element elementor-element-ba3e880 e-con-full e-flex ae-bg-gallery-type-default e-con e-parent\" data-dce-background-image-url=\"https:\/\/ooe.boo.mybluehost.me\/website_bd61dc63\/wp-content\/uploads\/2025\/06\/effect-2.png\" data-id=\"ba3e880\" data-element_type=\"container\" data-settings=\"{&quot;background_background&quot;:&quot;classic&quot;}\">\n\t\t<div class=\"has_ae_slider elementor-element elementor-element-1c8a5df e-con-full e-flex ae-bg-gallery-type-default e-con e-child\" data-id=\"1c8a5df\" data-element_type=\"container\">\n\t\t\t\t<div class=\"elementor-element elementor-element-e8313e0 elementor-grid-4 elementor-grid-tablet-2 elementor-grid-mobile-1 elementor-posts--thumbnail-top load-more-align-center elementor-widget elementor-widget-posts\" data-id=\"e8313e0\" data-element_type=\"widget\" data-settings=\"{&quot;classic_columns&quot;:&quot;4&quot;,&quot;pagination_type&quot;:&quot;load_more_on_click&quot;,&quot;classic_columns_tablet&quot;:&quot;2&quot;,&quot;classic_columns_mobile&quot;:&quot;1&quot;,&quot;classic_row_gap&quot;:{&quot;unit&quot;:&quot;px&quot;,&quot;size&quot;:35,&quot;sizes&quot;:[]},&quot;classic_row_gap_tablet&quot;:{&quot;unit&quot;:&quot;px&quot;,&quot;size&quot;:&quot;&quot;,&quot;sizes&quot;:[]},&quot;classic_row_gap_mobile&quot;:{&quot;unit&quot;:&quot;px&quot;,&quot;size&quot;:&quot;&quot;,&quot;sizes&quot;:[]},&quot;load_more_spinner&quot;:{&quot;value&quot;:&quot;fas fa-spinner&quot;,&quot;library&quot;:&quot;fa-solid&quot;}}\" data-widget_type=\"posts.classic\">\n\t\t\t\t<div class=\"elementor-widget-container\">\n\t\t\t\t\t<div class=\"elementor-posts-container elementor-posts elementor-posts--skin-classic elementor-grid\">\n\t\t\t\t<article class=\"elementor-post elementor-grid-item post-6676 noticia type-noticia status-publish has-post-thumbnail hentry\">\n\t\t\t\t<a class=\"elementor-post__thumbnail__link\" href=\"https:\/\/elbrocal.pe\/en\/noticia\/buenaventura-anuncia-los-resultados-del-3er-trimestre-y-9-meses-2024-ingles\/\" tabindex=\"-1\" >\n\t\t\t<div class=\"elementor-post__thumbnail\"><img fetchpriority=\"high\" decoding=\"async\" width=\"1006\" height=\"360\" src=\"https:\/\/elbrocal.pe\/wp-content\/uploads\/2024\/11\/news_image.jpg\" class=\"attachment-full size-full wp-image-6677\" alt=\"\" srcset=\"https:\/\/elbrocal.pe\/wp-content\/uploads\/2024\/11\/news_image.jpg 1006w, https:\/\/elbrocal.pe\/wp-content\/uploads\/2024\/11\/news_image-300x107.jpg 300w, https:\/\/elbrocal.pe\/wp-content\/uploads\/2024\/11\/news_image-768x275.jpg 768w\" sizes=\"(max-width: 1006px) 100vw, 1006px\" \/><\/div>\n\t\t<\/a>\n\t\t\t\t<div class=\"elementor-post__text\">\n\t\t\t\t<h3 class=\"elementor-post__title\">\n\t\t\t<a href=\"https:\/\/elbrocal.pe\/en\/noticia\/buenaventura-anuncia-los-resultados-del-3er-trimestre-y-9-meses-2024-ingles\/\" >\n\t\t\t\tBuenaventura announces 3rd quarter and 9 months 2024 results (English)\t\t\t<\/a>\n\t\t<\/h3>\n\t\t\t\t<div class=\"elementor-post__meta-data\">\n\t\t\t\t\t<span class=\"elementor-post-date\">\n\t\t\tNovember 28, 2024\t\t<\/span>\n\t\t\t\t<\/div>\n\t\t\n\t\t<a class=\"elementor-post__read-more\" href=\"https:\/\/elbrocal.pe\/en\/noticia\/buenaventura-anuncia-los-resultados-del-3er-trimestre-y-9-meses-2024-ingles\/\" aria-label=\"Read more about Buenaventura anuncia los resultados del 3er trimestre y 9 meses 2024 (ingl\u00e9s)\" tabindex=\"-1\" >\n\t\t\tSee more \u00bb\t\t<\/a>\n\n\t\t\t\t<\/div>\n\t\t\t\t<\/article>\n\t\t\t\t<article class=\"elementor-post elementor-grid-item post-6673 noticia type-noticia status-publish has-post-thumbnail hentry\">\n\t\t\t\t<a class=\"elementor-post__thumbnail__link\" href=\"https:\/\/elbrocal.pe\/en\/noticia\/buenaventura-recibe-reconocimiento-por-innovacion-en-informacion-geografica\/\" tabindex=\"-1\" >\n\t\t\t<div class=\"elementor-post__thumbnail\"><img decoding=\"async\" width=\"1006\" height=\"360\" src=\"https:\/\/elbrocal.pe\/wp-content\/uploads\/2024\/11\/f3e84562aeae178d24c0386aa9000ae1.jpeg\" class=\"attachment-full size-full wp-image-6674\" alt=\"\" srcset=\"https:\/\/elbrocal.pe\/wp-content\/uploads\/2024\/11\/f3e84562aeae178d24c0386aa9000ae1.jpeg 1006w, https:\/\/elbrocal.pe\/wp-content\/uploads\/2024\/11\/f3e84562aeae178d24c0386aa9000ae1-300x107.jpeg 300w, https:\/\/elbrocal.pe\/wp-content\/uploads\/2024\/11\/f3e84562aeae178d24c0386aa9000ae1-768x275.jpeg 768w\" sizes=\"(max-width: 1006px) 100vw, 1006px\" \/><\/div>\n\t\t<\/a>\n\t\t\t\t<div class=\"elementor-post__text\">\n\t\t\t\t<h3 class=\"elementor-post__title\">\n\t\t\t<a href=\"https:\/\/elbrocal.pe\/en\/noticia\/buenaventura-recibe-reconocimiento-por-innovacion-en-informacion-geografica\/\" >\n\t\t\t\tBuenaventura receives recognition for innovation in geographic information!\t\t\t<\/a>\n\t\t<\/h3>\n\t\t\t\t<div class=\"elementor-post__meta-data\">\n\t\t\t\t\t<span class=\"elementor-post-date\">\n\t\t\tNovember 28, 2024\t\t<\/span>\n\t\t\t\t<\/div>\n\t\t\n\t\t<a class=\"elementor-post__read-more\" href=\"https:\/\/elbrocal.pe\/en\/noticia\/buenaventura-recibe-reconocimiento-por-innovacion-en-informacion-geografica\/\" aria-label=\"Read more about \u00a1Buenaventura recibe reconocimiento por innovaci\u00f3n en informaci\u00f3n geogr\u00e1fica!\" tabindex=\"-1\" >\n\t\t\tSee more \u00bb\t\t<\/a>\n\n\t\t\t\t<\/div>\n\t\t\t\t<\/article>\n\t\t\t\t<article class=\"elementor-post elementor-grid-item post-1605 noticia type-noticia status-publish has-post-thumbnail hentry\">\n\t\t\t\t<a class=\"elementor-post__thumbnail__link\" href=\"https:\/\/elbrocal.pe\/en\/noticia\/cajamarca-buenaventura-y-ministerio-de-vivienda-dotaran-de-agua-potable-y-saneamiento-a-localidad-del-distrito-de-hualgayoc\/\" tabindex=\"-1\" >\n\t\t\t<div class=\"elementor-post__thumbnail\"><img fetchpriority=\"high\" decoding=\"async\" width=\"1006\" height=\"360\" src=\"https:\/\/elbrocal.pe\/wp-content\/uploads\/2024\/11\/news_image.jpg\" class=\"attachment-full size-full wp-image-6677\" alt=\"\" srcset=\"https:\/\/elbrocal.pe\/wp-content\/uploads\/2024\/11\/news_image.jpg 1006w, https:\/\/elbrocal.pe\/wp-content\/uploads\/2024\/11\/news_image-300x107.jpg 300w, https:\/\/elbrocal.pe\/wp-content\/uploads\/2024\/11\/news_image-768x275.jpg 768w\" sizes=\"(max-width: 1006px) 100vw, 1006px\" \/><\/div>\n\t\t<\/a>\n\t\t\t\t<div class=\"elementor-post__text\">\n\t\t\t\t<h3 class=\"elementor-post__title\">\n\t\t\t<a href=\"https:\/\/elbrocal.pe\/en\/noticia\/cajamarca-buenaventura-y-ministerio-de-vivienda-dotaran-de-agua-potable-y-saneamiento-a-localidad-del-distrito-de-hualgayoc\/\" >\n\t\t\t\tCajamarca: Buenaventura and the Ministry of Housing will provide drinking water and sanitation to a town in the Hualgayoc district\t\t\t<\/a>\n\t\t<\/h3>\n\t\t\t\t<div class=\"elementor-post__meta-data\">\n\t\t\t\t\t<span class=\"elementor-post-date\">\n\t\t\tAugust 16, 2024\t\t<\/span>\n\t\t\t\t<\/div>\n\t\t\n\t\t<a class=\"elementor-post__read-more\" href=\"https:\/\/elbrocal.pe\/en\/noticia\/cajamarca-buenaventura-y-ministerio-de-vivienda-dotaran-de-agua-potable-y-saneamiento-a-localidad-del-distrito-de-hualgayoc\/\" aria-label=\"Read more about Cajamarca: Buenaventura y Ministerio de Vivienda dotar\u00e1n de agua potable y saneamiento a localidad del distrito de Hualgayoc\" tabindex=\"-1\" >\n\t\t\tSee more \u00bb\t\t<\/a>\n\n\t\t\t\t<\/div>\n\t\t\t\t<\/article>\n\t\t\t\t<article class=\"elementor-post elementor-grid-item post-1604 noticia type-noticia status-publish has-post-thumbnail hentry\">\n\t\t\t\t<a class=\"elementor-post__thumbnail__link\" href=\"https:\/\/elbrocal.pe\/en\/noticia\/buenaventura-firma-nuevo-convenio-con-tapay-para-seguir-impulsando-el-desarrollo-local\/\" tabindex=\"-1\" >\n\t\t\t<div class=\"elementor-post__thumbnail\"><img fetchpriority=\"high\" decoding=\"async\" width=\"1006\" height=\"360\" src=\"https:\/\/elbrocal.pe\/wp-content\/uploads\/2024\/11\/news_image.jpg\" class=\"attachment-full size-full wp-image-6677\" alt=\"\" srcset=\"https:\/\/elbrocal.pe\/wp-content\/uploads\/2024\/11\/news_image.jpg 1006w, https:\/\/elbrocal.pe\/wp-content\/uploads\/2024\/11\/news_image-300x107.jpg 300w, https:\/\/elbrocal.pe\/wp-content\/uploads\/2024\/11\/news_image-768x275.jpg 768w\" sizes=\"(max-width: 1006px) 100vw, 1006px\" \/><\/div>\n\t\t<\/a>\n\t\t\t\t<div class=\"elementor-post__text\">\n\t\t\t\t<h3 class=\"elementor-post__title\">\n\t\t\t<a href=\"https:\/\/elbrocal.pe\/en\/noticia\/buenaventura-firma-nuevo-convenio-con-tapay-para-seguir-impulsando-el-desarrollo-local\/\" >\n\t\t\t\tBuenaventura signs new agreement with Tapay to continue promoting local development\t\t\t<\/a>\n\t\t<\/h3>\n\t\t\t\t<div class=\"elementor-post__meta-data\">\n\t\t\t\t\t<span class=\"elementor-post-date\">\n\t\t\tAugust 16, 2024\t\t<\/span>\n\t\t\t\t<\/div>\n\t\t\n\t\t<a class=\"elementor-post__read-more\" href=\"https:\/\/elbrocal.pe\/en\/noticia\/buenaventura-firma-nuevo-convenio-con-tapay-para-seguir-impulsando-el-desarrollo-local\/\" aria-label=\"Read more about Buenaventura firma nuevo convenio con Tapay para seguir impulsando el desarrollo local\" tabindex=\"-1\" >\n\t\t\tSee more \u00bb\t\t<\/a>\n\n\t\t\t\t<\/div>\n\t\t\t\t<\/article>\n\t\t\t\t<article class=\"elementor-post elementor-grid-item post-1601 noticia type-noticia status-publish has-post-thumbnail hentry\">\n\t\t\t\t<a class=\"elementor-post__thumbnail__link\" href=\"https:\/\/elbrocal.pe\/en\/noticia\/compania-minera-coimolache-entrega-moderno-centro-de-salud-en-el-distrito-de-chugur-en-cajamarca\/\" tabindex=\"-1\" >\n\t\t\t<div class=\"elementor-post__thumbnail\"><img fetchpriority=\"high\" decoding=\"async\" width=\"1006\" height=\"360\" src=\"https:\/\/elbrocal.pe\/wp-content\/uploads\/2024\/11\/news_image.jpg\" class=\"attachment-full size-full wp-image-6677\" alt=\"\" srcset=\"https:\/\/elbrocal.pe\/wp-content\/uploads\/2024\/11\/news_image.jpg 1006w, https:\/\/elbrocal.pe\/wp-content\/uploads\/2024\/11\/news_image-300x107.jpg 300w, https:\/\/elbrocal.pe\/wp-content\/uploads\/2024\/11\/news_image-768x275.jpg 768w\" sizes=\"(max-width: 1006px) 100vw, 1006px\" \/><\/div>\n\t\t<\/a>\n\t\t\t\t<div class=\"elementor-post__text\">\n\t\t\t\t<h3 class=\"elementor-post__title\">\n\t\t\t<a href=\"https:\/\/elbrocal.pe\/en\/noticia\/compania-minera-coimolache-entrega-moderno-centro-de-salud-en-el-distrito-de-chugur-en-cajamarca\/\" >\n\t\t\t\tCoimolache Mining Company delivers modern health center in Chugur district in Cajamarca\t\t\t<\/a>\n\t\t<\/h3>\n\t\t\t\t<div class=\"elementor-post__meta-data\">\n\t\t\t\t\t<span class=\"elementor-post-date\">\n\t\t\tAugust 16, 2024\t\t<\/span>\n\t\t\t\t<\/div>\n\t\t\n\t\t<a class=\"elementor-post__read-more\" href=\"https:\/\/elbrocal.pe\/en\/noticia\/compania-minera-coimolache-entrega-moderno-centro-de-salud-en-el-distrito-de-chugur-en-cajamarca\/\" aria-label=\"Read more about Compa\u00f1\u00eda Minera Coimolache entrega moderno centro de salud en el distrito de Chugur en Cajamarca\" tabindex=\"-1\" >\n\t\t\tSee more \u00bb\t\t<\/a>\n\n\t\t\t\t<\/div>\n\t\t\t\t<\/article>\n\t\t\t\t<article class=\"elementor-post elementor-grid-item post-1600 noticia type-noticia status-publish has-post-thumbnail hentry\">\n\t\t\t\t<a class=\"elementor-post__thumbnail__link\" href=\"https:\/\/elbrocal.pe\/en\/noticia\/transformacion-agricola-sostenible-la-colaboracion-pra-y-buenaventura\/\" tabindex=\"-1\" >\n\t\t\t<div class=\"elementor-post__thumbnail\"><img fetchpriority=\"high\" decoding=\"async\" width=\"1006\" height=\"360\" src=\"https:\/\/elbrocal.pe\/wp-content\/uploads\/2024\/11\/news_image.jpg\" class=\"attachment-full size-full wp-image-6677\" alt=\"\" srcset=\"https:\/\/elbrocal.pe\/wp-content\/uploads\/2024\/11\/news_image.jpg 1006w, https:\/\/elbrocal.pe\/wp-content\/uploads\/2024\/11\/news_image-300x107.jpg 300w, https:\/\/elbrocal.pe\/wp-content\/uploads\/2024\/11\/news_image-768x275.jpg 768w\" sizes=\"(max-width: 1006px) 100vw, 1006px\" \/><\/div>\n\t\t<\/a>\n\t\t\t\t<div class=\"elementor-post__text\">\n\t\t\t\t<h3 class=\"elementor-post__title\">\n\t\t\t<a href=\"https:\/\/elbrocal.pe\/en\/noticia\/transformacion-agricola-sostenible-la-colaboracion-pra-y-buenaventura\/\" >\n\t\t\t\tSustainable agricultural transformation: the PRA and Buenaventura collaboration\t\t\t<\/a>\n\t\t<\/h3>\n\t\t\t\t<div class=\"elementor-post__meta-data\">\n\t\t\t\t\t<span class=\"elementor-post-date\">\n\t\t\tAugust 16, 2024\t\t<\/span>\n\t\t\t\t<\/div>\n\t\t\n\t\t<a class=\"elementor-post__read-more\" href=\"https:\/\/elbrocal.pe\/en\/noticia\/transformacion-agricola-sostenible-la-colaboracion-pra-y-buenaventura\/\" aria-label=\"Read more about Transformaci\u00f3n agr\u00edcola sostenible: la colaboraci\u00f3n PRA y Buenaventura\" tabindex=\"-1\" >\n\t\t\tSee more \u00bb\t\t<\/a>\n\n\t\t\t\t<\/div>\n\t\t\t\t<\/article>\n\t\t\t\t<article class=\"elementor-post elementor-grid-item post-1597 noticia type-noticia status-publish has-post-thumbnail hentry\">\n\t\t\t\t<a class=\"elementor-post__thumbnail__link\" href=\"https:\/\/elbrocal.pe\/en\/noticia\/pasantia-a-la-comunidad-ruisenor\/\" tabindex=\"-1\" >\n\t\t\t<div class=\"elementor-post__thumbnail\"><img fetchpriority=\"high\" decoding=\"async\" width=\"1006\" height=\"360\" src=\"https:\/\/elbrocal.pe\/wp-content\/uploads\/2024\/11\/news_image.jpg\" class=\"attachment-full size-full wp-image-6677\" alt=\"\" srcset=\"https:\/\/elbrocal.pe\/wp-content\/uploads\/2024\/11\/news_image.jpg 1006w, https:\/\/elbrocal.pe\/wp-content\/uploads\/2024\/11\/news_image-300x107.jpg 300w, https:\/\/elbrocal.pe\/wp-content\/uploads\/2024\/11\/news_image-768x275.jpg 768w\" sizes=\"(max-width: 1006px) 100vw, 1006px\" \/><\/div>\n\t\t<\/a>\n\t\t\t\t<div class=\"elementor-post__text\">\n\t\t\t\t<h3 class=\"elementor-post__title\">\n\t\t\t<a href=\"https:\/\/elbrocal.pe\/en\/noticia\/pasantia-a-la-comunidad-ruisenor\/\" >\n\t\t\t\tInternship at the Ruise\u00f1or community\t\t\t<\/a>\n\t\t<\/h3>\n\t\t\t\t<div class=\"elementor-post__meta-data\">\n\t\t\t\t\t<span class=\"elementor-post-date\">\n\t\t\tAugust 16, 2024\t\t<\/span>\n\t\t\t\t<\/div>\n\t\t\n\t\t<a class=\"elementor-post__read-more\" href=\"https:\/\/elbrocal.pe\/en\/noticia\/pasantia-a-la-comunidad-ruisenor\/\" aria-label=\"Read more about Pasant\u00eda a la comunidad Ruise\u00f1or\" tabindex=\"-1\" >\n\t\t\tSee more \u00bb\t\t<\/a>\n\n\t\t\t\t<\/div>\n\t\t\t\t<\/article>\n\t\t\t\t<article class=\"elementor-post elementor-grid-item post-1596 noticia type-noticia status-publish has-post-thumbnail hentry\">\n\t\t\t\t<a class=\"elementor-post__thumbnail__link\" href=\"https:\/\/elbrocal.pe\/en\/noticia\/coimolache-donara-moderno-centro-de-salud-al-distrito-de-chugur-en-cajamarca\/\" tabindex=\"-1\" >\n\t\t\t<div class=\"elementor-post__thumbnail\"><img fetchpriority=\"high\" decoding=\"async\" width=\"1006\" height=\"360\" src=\"https:\/\/elbrocal.pe\/wp-content\/uploads\/2024\/11\/news_image.jpg\" class=\"attachment-full size-full wp-image-6677\" alt=\"\" srcset=\"https:\/\/elbrocal.pe\/wp-content\/uploads\/2024\/11\/news_image.jpg 1006w, https:\/\/elbrocal.pe\/wp-content\/uploads\/2024\/11\/news_image-300x107.jpg 300w, https:\/\/elbrocal.pe\/wp-content\/uploads\/2024\/11\/news_image-768x275.jpg 768w\" sizes=\"(max-width: 1006px) 100vw, 1006px\" \/><\/div>\n\t\t<\/a>\n\t\t\t\t<div class=\"elementor-post__text\">\n\t\t\t\t<h3 class=\"elementor-post__title\">\n\t\t\t<a href=\"https:\/\/elbrocal.pe\/en\/noticia\/coimolache-donara-moderno-centro-de-salud-al-distrito-de-chugur-en-cajamarca\/\" >\n\t\t\t\tCoimolache will donate a modern health center to the Chugur district in Cajamarca\t\t\t<\/a>\n\t\t<\/h3>\n\t\t\t\t<div class=\"elementor-post__meta-data\">\n\t\t\t\t\t<span class=\"elementor-post-date\">\n\t\t\tAugust 16, 2024\t\t<\/span>\n\t\t\t\t<\/div>\n\t\t\n\t\t<a class=\"elementor-post__read-more\" href=\"https:\/\/elbrocal.pe\/en\/noticia\/coimolache-donara-moderno-centro-de-salud-al-distrito-de-chugur-en-cajamarca\/\" aria-label=\"Read more about Coimolache donar\u00e1 moderno centro de salud al distrito de Chugur en Cajamarca\" tabindex=\"-1\" >\n\t\t\tSee more \u00bb\t\t<\/a>\n\n\t\t\t\t<\/div>\n\t\t\t\t<\/article>\n\t\t\t\t<\/div>\n\t\t\t\t\t<span class=\"e-load-more-spinner\">\n\t\t\t\t<svg aria-hidden=\"true\" class=\"e-font-icon-svg e-fas-spinner\" viewbox=\"0 0 512 512\" xmlns=\"http:\/\/www.w3.org\/2000\/svg\"><path d=\"M304 48c0 26.51-21.49 48-48 48s-48-21.49-48-48 21.49-48 48-48 48 21.49 48 48zm-48 368c-26.51 0-48 21.49-48 48s21.49 48 48 48 48-21.49 48-48-21.49-48-48-48zm208-208c-26.51 0-48 21.49-48 48s21.49 48 48 48 48-21.49 48-48-21.49-48-48-48zM96 256c0-26.51-21.49-48-48-48S0 229.49 0 256s21.49 48 48 48 48-21.49 48-48zm12.922 99.078c-26.51 0-48 21.49-48 48s21.49 48 48 48 48-21.49 48-48c0-26.509-21.491-48-48-48zm294.156 0c-26.51 0-48 21.49-48 48s21.49 48 48 48 48-21.49 48-48c0-26.509-21.49-48-48-48zM108.922 60.922c-26.51 0-48 21.49-48 48s21.49 48 48 48 48-21.49 48-48-21.491-48-48-48z\"><\/path><\/svg>\t\t\t<\/span>\n\t\t\n\t\t\t\t<div class=\"e-load-more-anchor\" data-page=\"1\" data-max-page=\"2\" data-next-page=\"https:\/\/elbrocal.pe\/en\/wp-json\/wp\/v2\/pages\/3625\/page\/2\/\"><\/div>\n\t\t\t\t<div class=\"elementor-button-wrapper\">\n\t\t\t<a href=\"#\" class=\"elementor-button-link elementor-button\" role=\"button\">\n\t\t\t\t\t\t<span class=\"elementor-button-content-wrapper\">\n\t\t\t\t\t\t<span class=\"elementor-button-text\">Load more<\/span>\n\t\t<\/span>\n\t\t\t\t\t<\/a>\n\t\t<\/div>\n\t\t\t\t<div class=\"e-load-more-message\"><\/div>\n\t\t\t\t<\/div>\n\t\t\t\t<\/div>\n\t\t\t\t<\/div>\n\t\t\t\t<\/div>\n\t\t\t\t<\/div>","protected":false},"excerpt":{"rendered":"<p>Noticias Inicio \/ Noticias<\/p>","protected":false},"author":1,"featured_media":0,"parent":0,"menu_order":0,"comment_status":"closed","ping_status":"closed","template":"elementor_header_footer","meta":{"footnotes":""},"class_list":["post-3625","page","type-page","status-publish","hentry"],"acf":[],"_links":{"self":[{"href":"https:\/\/elbrocal.pe\/en\/wp-json\/wp\/v2\/pages\/3625","targetHints":{"allow":["GET"]}}],"collection":[{"href":"https:\/\/elbrocal.pe\/en\/wp-json\/wp\/v2\/pages"}],"about":[{"href":"https:\/\/elbrocal.pe\/en\/wp-json\/wp\/v2\/types\/page"}],"author":[{"embeddable":true,"href":"https:\/\/elbrocal.pe\/en\/wp-json\/wp\/v2\/users\/1"}],"replies":[{"embeddable":true,"href":"https:\/\/elbrocal.pe\/en\/wp-json\/wp\/v2\/comments?post=3625"}],"version-history":[{"count":19,"href":"https:\/\/elbrocal.pe\/en\/wp-json\/wp\/v2\/pages\/3625\/revisions"}],"predecessor-version":[{"id":11037,"href":"https:\/\/elbrocal.pe\/en\/wp-json\/wp\/v2\/pages\/3625\/revisions\/11037"}],"wp:attachment":[{"href":"https:\/\/elbrocal.pe\/en\/wp-json\/wp\/v2\/media?parent=3625"}],"curies":[{"name":"wp","href":"https:\/\/api.w.org\/{rel}","templated":true}]}}