{"id":6917,"date":"2024-11-29T00:29:20","date_gmt":"2024-11-29T00:29:20","guid":{"rendered":"https:\/\/172-104-212-166.ip.linodeusercontent.com\/?page_id=6917"},"modified":"2024-11-29T01:32:22","modified_gmt":"2024-11-29T01:32:22","slug":"junta-anualdiciembre","status":"publish","type":"page","link":"https:\/\/elbrocal.pe\/en\/junta-anualdiciembre\/","title":{"rendered":"Junta anualdiciembre"},"content":{"rendered":"<div data-elementor-type=\"wp-post\" data-elementor-id=\"6917\" class=\"elementor elementor-6917\" data-elementor-post-type=\"page\">\n\t\t\t\t<div class=\"has_ae_slider elementor-element elementor-element-ba3e880 e-con-full e-flex ae-bg-gallery-type-default e-con e-parent\" data-id=\"ba3e880\" data-element_type=\"container\">\n\t\t<div class=\"has_ae_slider elementor-element elementor-element-1c8a5df e-con-full e-flex ae-bg-gallery-type-default e-con e-child\" data-id=\"1c8a5df\" data-element_type=\"container\">\n\t\t<div class=\"has_ae_slider elementor-element elementor-element-64428da e-con-full e-flex ae-bg-gallery-type-default e-con e-child\" data-id=\"64428da\" data-element_type=\"container\">\n\t\t\t\t<div class=\"elementor-element elementor-element-2957361 elementor-widget elementor-widget-text-editor\" data-id=\"2957361\" data-element_type=\"widget\" data-widget_type=\"text-editor.default\">\n\t\t\t\t<div class=\"elementor-widget-container\">\n\t\t\t\t\t\t\t<a style=\"color: #484848;\" href=\"\/en\/\">Home <\/a> \/ <a style=\"color: #484848;\" href=\"\/en\/inversionista\/\">Investor Relations <\/a>\/ <a style=\"color: #484848;\" href=\"\/en\/junta-anual\/\">Junta General de Accionistas <\/a>\/ <strong style=\"color: #484848;\">Junta de Accionistas &#8211; Diciembre<\/strong>\t\t\t\t\t\t<\/div>\n\t\t\t\t<\/div>\n\t\t\t\t<\/div>\n\t\t<div class=\"has_ae_slider elementor-element elementor-element-afd5898 e-con-full e-flex ae-bg-gallery-type-default e-con e-child\" data-id=\"afd5898\" data-element_type=\"container\">\n\t\t\t\t<div class=\"elementor-element elementor-element-320f2f8 dce_masking-none elementor-widget elementor-widget-image\" data-id=\"320f2f8\" data-element_type=\"widget\" data-widget_type=\"image.default\">\n\t\t\t\t<div class=\"elementor-widget-container\">\n\t\t\t\t\t\t\t\t\t\t\t\t\t\t<a href=\"\/en\/politica-de-dividendos\/\">\n\t\t\t\t\t\t\t<img decoding=\"async\" width=\"49\" height=\"45\" src=\"https:\/\/elbrocal.pe\/wp-content\/uploads\/2024\/08\/Frame-112.png\" class=\"attachment-large size-large wp-image-2977\" alt=\"\" \/>\t\t\t\t\t\t\t\t<\/a>\n\t\t\t\t\t\t\t\t\t\t\t\t\t<\/div>\n\t\t\t\t<\/div>\n\t\t\t\t<div class=\"elementor-element elementor-element-cbf0b89 dce_masking-none elementor-widget elementor-widget-image\" data-id=\"cbf0b89\" data-element_type=\"widget\" data-widget_type=\"image.default\">\n\t\t\t\t<div class=\"elementor-widget-container\">\n\t\t\t\t\t\t\t\t\t\t\t\t\t\t<a href=\"\/en\/hechos-de-importancia\/\">\n\t\t\t\t\t\t\t<img decoding=\"async\" width=\"49\" height=\"45\" src=\"https:\/\/elbrocal.pe\/wp-content\/uploads\/2024\/08\/Frame-111.png\" class=\"attachment-large size-large wp-image-2978\" alt=\"\" \/>\t\t\t\t\t\t\t\t<\/a>\n\t\t\t\t\t\t\t\t\t\t\t\t\t<\/div>\n\t\t\t\t<\/div>\n\t\t\t\t<\/div>\n\t\t\t\t<\/div>\n\t\t\t\t<\/div>\n\t\t<div class=\"has_ae_slider elementor-element elementor-element-8092174 e-con-full e-flex ae-bg-gallery-type-default e-con e-parent\" data-id=\"8092174\" data-element_type=\"container\">\n\t\t<div class=\"has_ae_slider elementor-element elementor-element-6a83c84 e-con-full e-flex ae-bg-gallery-type-default e-con e-child\" data-dce-background-image-url=\"https:\/\/ooe.boo.mybluehost.me\/wp-content\/uploads\/2024\/09\/fondo-otros.jpg\" data-id=\"6a83c84\" data-element_type=\"container\" data-settings=\"{&quot;background_background&quot;:&quot;classic&quot;}\">\n\t\t\t\t<div class=\"elementor-element elementor-element-4be6481 elementor-widget elementor-widget-heading\" data-id=\"4be6481\" data-element_type=\"widget\" data-widget_type=\"heading.default\">\n\t\t\t\t<div class=\"elementor-widget-container\">\n\t\t\t<h2 class=\"elementor-heading-title elementor-size-default\">General Shareholders<br>Meeting<\/h2>\t\t<\/div>\n\t\t\t\t<\/div>\n\t\t\t\t<\/div>\n\t\t\t\t<\/div>\n\t\t<div class=\"has_ae_slider elementor-element elementor-element-df9f40d e-con-full e-flex ae-bg-gallery-type-default e-con e-parent\" data-dce-background-overlay-image-url=\"https:\/\/ooe.boo.mybluehost.me\/wp-content\/uploads\/2024\/08\/Mask-Group-2.png\" data-id=\"df9f40d\" data-element_type=\"container\">\n\t\t<div class=\"has_ae_slider elementor-element elementor-element-49b9eab e-con-full e-flex ae-bg-gallery-type-default e-con e-child\" data-id=\"49b9eab\" data-element_type=\"container\">\n\t\t\t\t<div class=\"elementor-element elementor-element-38557c1 elementor-widget elementor-widget-heading\" data-id=\"38557c1\" data-element_type=\"widget\" data-widget_type=\"heading.default\">\n\t\t\t\t<div class=\"elementor-widget-container\">\n\t\t\t<h2 class=\"elementor-heading-title elementor-size-default\">Schedule<\/h2>\t\t<\/div>\n\t\t\t\t<\/div>\n\t\t\t\t<div class=\"elementor-element elementor-element-f94fc67 elementor-widget elementor-widget-heading\" data-id=\"f94fc67\" data-element_type=\"widget\" data-widget_type=\"heading.default\">\n\t\t\t\t<div class=\"elementor-widget-container\">\n\t\t\t<h2 class=\"elementor-heading-title elementor-size-default\">General Shareholders Meeting December 2024<\/h2>\t\t<\/div>\n\t\t\t\t<\/div>\n\t\t<div class=\"has_ae_slider elementor-element elementor-element-f63b91c e-con-full e-flex ae-bg-gallery-type-default e-con e-child\" data-id=\"f63b91c\" data-element_type=\"container\">\n\t\t\t\t<div class=\"elementor-element elementor-element-5507a64 elementor-align-justify elementor-widget elementor-widget-button\" data-id=\"5507a64\" data-element_type=\"widget\" data-widget_type=\"button.default\">\n\t\t\t\t<div class=\"elementor-widget-container\">\n\t\t\t\t\t\t\t<div class=\"elementor-button-wrapper\">\n\t\t\t\t\t<a class=\"elementor-button elementor-button-link elementor-size-sm\" href=\"\/wp-content\/uploads\/2024\/12\/Issuance-of-negotiable-obligations.pdf\" target=\"_blank\">\n\t\t\t\t\t\t<span class=\"elementor-button-content-wrapper\">\n\t\t\t\t\t\t<span class=\"elementor-button-icon\">\n\t\t\t\t\t\t\t<\/span>\n\t\t\t\t\t\t\t\t\t<span class=\"elementor-button-text\">1. Issuance of negotiable obligations in an aggregate amount of up to US$650,000,000 (Six hundred and fifty million United States Dollars) and the repurchase or redemption of the Company\u2019s negotiable obligations that remain outstanding as of the date hereof; delegation of authority in favor of the Company\u2019s board of directors for it to adopt any agreements as may be necessary or convenient in order to determine the terms, conditions, characteristics and timing of the Company\u2019s program governing such negotiable obligations and of the repurchase or redemption of the Company\u2019s negotiable obligations that remain outstanding as of the date hereof.<\/span>\n\t\t\t\t\t<\/span>\n\t\t\t\t\t<\/a>\n\t\t\t\t<\/div>\n\t\t\t\t\t\t<\/div>\n\t\t\t\t<\/div>\n\t\t\t\t<\/div>\n\t\t<div class=\"has_ae_slider elementor-element elementor-element-7920014 e-con-full e-flex ae-bg-gallery-type-default e-con e-child\" data-id=\"7920014\" data-element_type=\"container\">\n\t\t\t\t<div class=\"elementor-element elementor-element-d473444 elementor-align-justify elementor-widget elementor-widget-button\" data-id=\"d473444\" data-element_type=\"widget\" data-widget_type=\"button.default\">\n\t\t\t\t<div class=\"elementor-widget-container\">\n\t\t\t\t\t\t\t<div class=\"elementor-button-wrapper\">\n\t\t\t\t\t<a class=\"elementor-button elementor-button-link elementor-size-sm\" href=\"\/wp-content\/uploads\/2024\/12\/Notice-of-virtual.pdf\" target=\"_blank\">\n\t\t\t\t\t\t<span class=\"elementor-button-content-wrapper\">\n\t\t\t\t\t\t<span class=\"elementor-button-icon\">\n\t\t\t\t\t\t\t<\/span>\n\t\t\t\t\t\t\t\t\t<span class=\"elementor-button-text\">Notice of virtual shareholders' meeting<\/span>\n\t\t\t\t\t<\/span>\n\t\t\t\t\t<\/a>\n\t\t\t\t<\/div>\n\t\t\t\t\t\t<\/div>\n\t\t\t\t<\/div>\n\t\t\t\t<\/div>\n\t\t<div class=\"has_ae_slider elementor-element elementor-element-a7d84d1 e-con-full e-flex ae-bg-gallery-type-default e-con e-child\" data-id=\"a7d84d1\" data-element_type=\"container\">\n\t\t\t\t<div class=\"elementor-element elementor-element-310090d elementor-align-justify elementor-widget elementor-widget-button\" data-id=\"310090d\" data-element_type=\"widget\" data-widget_type=\"button.default\">\n\t\t\t\t<div class=\"elementor-widget-container\">\n\t\t\t\t\t\t\t<div class=\"elementor-button-wrapper\">\n\t\t\t\t\t<a class=\"elementor-button elementor-button-link elementor-size-sm\" href=\"\/wp-content\/uploads\/2024\/12\/Procedure-for-Participation-2.pdf\" target=\"_blank\">\n\t\t\t\t\t\t<span class=\"elementor-button-content-wrapper\">\n\t\t\t\t\t\t<span class=\"elementor-button-icon\">\n\t\t\t\t\t\t\t<\/span>\n\t\t\t\t\t\t\t\t\t<span class=\"elementor-button-text\">Procedure for Participation<\/span>\n\t\t\t\t\t<\/span>\n\t\t\t\t\t<\/a>\n\t\t\t\t<\/div>\n\t\t\t\t\t\t<\/div>\n\t\t\t\t<\/div>\n\t\t\t\t<\/div>\n\t\t<div class=\"has_ae_slider elementor-element elementor-element-ed4c83c e-con-full e-flex ae-bg-gallery-type-default e-con e-child\" data-id=\"ed4c83c\" data-element_type=\"container\">\n\t\t\t\t<div class=\"elementor-element elementor-element-72dba94 elementor-align-justify elementor-widget elementor-widget-button\" data-id=\"72dba94\" data-element_type=\"widget\" data-widget_type=\"button.default\">\n\t\t\t\t<div class=\"elementor-widget-container\">\n\t\t\t\t\t\t\t<div class=\"elementor-button-wrapper\">\n\t\t\t\t\t<a class=\"elementor-button elementor-button-link elementor-size-sm\" href=\"\/wp-content\/uploads\/2024\/12\/Shareholders-1.pdf\" target=\"_blank\">\n\t\t\t\t\t\t<span class=\"elementor-button-content-wrapper\">\n\t\t\t\t\t\t<span class=\"elementor-button-icon\">\n\t\t\t\t\t\t\t<\/span>\n\t\t\t\t\t\t\t\t\t<span class=\"elementor-button-text\">Shareholders' meeting regulations<\/span>\n\t\t\t\t\t<\/span>\n\t\t\t\t\t<\/a>\n\t\t\t\t<\/div>\n\t\t\t\t\t\t<\/div>\n\t\t\t\t<\/div>\n\t\t\t\t<\/div>\n\t\t<div class=\"has_ae_slider elementor-element elementor-element-7d869ef e-con-full e-flex ae-bg-gallery-type-default e-con e-child\" data-id=\"7d869ef\" data-element_type=\"container\">\n\t\t\t\t<div class=\"elementor-element elementor-element-005f961 elementor-align-justify elementor-widget elementor-widget-button\" data-id=\"005f961\" data-element_type=\"widget\" data-widget_type=\"button.default\">\n\t\t\t\t<div class=\"elementor-widget-container\">\n\t\t\t\t\t\t\t<div class=\"elementor-button-wrapper\">\n\t\t\t\t\t<a class=\"elementor-button elementor-button-link elementor-size-sm\" href=\"\/wp-content\/uploads\/2024\/12\/Poder-PN-JGA-Diciembre-2024-Poder-PJ-JGA-Diciembre-2024-14.docx\" target=\"_blank\">\n\t\t\t\t\t\t<span class=\"elementor-button-content-wrapper\">\n\t\t\t\t\t\t<span class=\"elementor-button-icon\">\n\t\t\t\t\t\t\t<\/span>\n\t\t\t\t\t\t\t\t\t<span class=\"elementor-button-text\">Powers of representation<\/span>\n\t\t\t\t\t<\/span>\n\t\t\t\t\t<\/a>\n\t\t\t\t<\/div>\n\t\t\t\t\t\t<\/div>\n\t\t\t\t<\/div>\n\t\t\t\t<\/div>\n\t\t<div class=\"has_ae_slider elementor-element elementor-element-5da5f61 e-con-full e-flex ae-bg-gallery-type-default e-con e-child\" data-id=\"5da5f61\" data-element_type=\"container\">\n\t\t\t\t<div class=\"elementor-element elementor-element-e3e90dd elementor-align-justify elementor-widget elementor-widget-button\" data-id=\"e3e90dd\" data-element_type=\"widget\" data-widget_type=\"button.default\">\n\t\t\t\t<div class=\"elementor-widget-container\">\n\t\t\t\t\t\t\t<div class=\"elementor-button-wrapper\">\n\t\t\t\t\t<a class=\"elementor-button elementor-button-link elementor-size-sm\" href=\"\/wp-content\/uploads\/2024\/12\/Manual-de-usuario-JGA-BVN-v20.pdf\" target=\"_blank\">\n\t\t\t\t\t\t<span class=\"elementor-button-content-wrapper\">\n\t\t\t\t\t\t<span class=\"elementor-button-icon\">\n\t\t\t\t\t\t\t<\/span>\n\t\t\t\t\t\t\t\t\t<span class=\"elementor-button-text\">iQuorum Platform User Manual<\/span>\n\t\t\t\t\t<\/span>\n\t\t\t\t\t<\/a>\n\t\t\t\t<\/div>\n\t\t\t\t\t\t<\/div>\n\t\t\t\t<\/div>\n\t\t\t\t<\/div>\n\t\t\t\t<\/div>\n\t\t\t\t<\/div>\n\t\t\t\t<\/div>","protected":false},"excerpt":{"rendered":"<p>Inicio \/ Inversionistas \/ Junta General de Accionistas \/ Junta de Accionistas &#8211; Diciembre Junta Generalde Accionistas Agenda JUNTA DE ACCIONISTAS DICIEMBRE 2024 1. Emisi\u00f3n de obligaciones hasta por la suma de US$ 650\u2019000,000.00 (Seiscientos cincuenta millones y 00\/100 D\u00f3lares de los Estados Unidos de Am\u00e9rica) y formulaci\u00f3n de una operaci\u00f3n de recompra o de [&hellip;]<\/p>","protected":false},"author":1,"featured_media":0,"parent":0,"menu_order":0,"comment_status":"closed","ping_status":"closed","template":"elementor_header_footer","meta":{"footnotes":""},"class_list":["post-6917","page","type-page","status-publish","hentry"],"acf":[],"_links":{"self":[{"href":"https:\/\/elbrocal.pe\/en\/wp-json\/wp\/v2\/pages\/6917","targetHints":{"allow":["GET"]}}],"collection":[{"href":"https:\/\/elbrocal.pe\/en\/wp-json\/wp\/v2\/pages"}],"about":[{"href":"https:\/\/elbrocal.pe\/en\/wp-json\/wp\/v2\/types\/page"}],"author":[{"embeddable":true,"href":"https:\/\/elbrocal.pe\/en\/wp-json\/wp\/v2\/users\/1"}],"replies":[{"embeddable":true,"href":"https:\/\/elbrocal.pe\/en\/wp-json\/wp\/v2\/comments?post=6917"}],"version-history":[{"count":16,"href":"https:\/\/elbrocal.pe\/en\/wp-json\/wp\/v2\/pages\/6917\/revisions"}],"predecessor-version":[{"id":7066,"href":"https:\/\/elbrocal.pe\/en\/wp-json\/wp\/v2\/pages\/6917\/revisions\/7066"}],"wp:attachment":[{"href":"https:\/\/elbrocal.pe\/en\/wp-json\/wp\/v2\/media?parent=6917"}],"curies":[{"name":"wp","href":"https:\/\/api.w.org\/{rel}","templated":true}]}}